{"id":69813,"date":"2025-03-12T12:50:55","date_gmt":"2025-03-12T12:50:55","guid":{"rendered":"https:\/\/go4goal.net\/podcast\/"},"modified":"2025-03-12T12:50:55","modified_gmt":"2025-03-12T12:50:55","slug":"podcast","status":"publish","type":"page","link":"https:\/\/go4goal.net\/de\/podcast\/","title":{"rendered":"Podcast"},"content":{"rendered":"<div data-elementor-type=\"wp-page\" data-elementor-id=\"69813\" class=\"elementor elementor-69813 elementor-25378\" data-elementor-post-type=\"page\">\n\t\t\t\t<div class=\"elementor-element elementor-element-8a71d06 e-flex e-con-boxed e-con e-parent\" data-id=\"8a71d06\" data-element_type=\"container\" data-e-type=\"container\">\n\t\t\t\t\t<div class=\"e-con-inner\">\n\t\t<div class=\"elementor-element elementor-element-abe1c90 e-con-full e-flex e-con e-child\" data-id=\"abe1c90\" data-element_type=\"container\" data-e-type=\"container\">\n\t\t\t\t<div class=\"elementor-element elementor-element-77ade4a elementor-widget elementor-widget-heading\" data-id=\"77ade4a\" data-element_type=\"widget\" data-e-type=\"widget\" data-widget_type=\"heading.default\">\n\t\t\t\t<div class=\"elementor-widget-container\">\n\t\t\t\t\t<h2 class=\"elementor-heading-title elementor-size-default\">GO4GOAL-Podcast<\/h2>\t\t\t\t<\/div>\n\t\t\t\t<\/div>\n\t\t\t\t<div class=\"elementor-element elementor-element-d13cd81 elementor-widget elementor-widget-text-editor\" data-id=\"d13cd81\" data-element_type=\"widget\" data-e-type=\"widget\" data-widget_type=\"text-editor.default\">\n\t\t\t\t<div class=\"elementor-widget-container\">\n\t\t\t\t\t\t\t\t\t<p>Dieser Sport-Podcast soll inspirierende Geschichten erz\u00e4hlen, die den H\u00f6rern helfen, die Motivation und das Durchhalteverm\u00f6gen zu finden, um ihre Ziele zu erreichen. In den verschiedenen Episoden des Podcasts werden Geschichten pr\u00e4sentiert, die Halt geben und inspirieren &#8211; nicht nur im Sport, sondern auch im Leben im Allgemeinen. Der Podcast bietet die M\u00f6glichkeit, zu wachsen, zu lernen und die Kraft der Ausdauer und des Engagements zu entdecken, die zum Erfolg f\u00fchren.  <\/p>\n\t\t\t\t\t\t\t\t<\/div>\n\t\t\t\t<\/div>\n\t\t\t\t<\/div>\n\t\t<div class=\"elementor-element elementor-element-df0830f e-con-full e-flex e-con e-child\" data-id=\"df0830f\" data-element_type=\"container\" data-e-type=\"container\">\n\t\t\t\t<div class=\"elementor-element elementor-element-36499c7 imgsto elementor-widget elementor-widget-image\" data-id=\"36499c7\" data-element_type=\"widget\" data-e-type=\"widget\" data-widget_type=\"image.default\">\n\t\t\t\t<div class=\"elementor-widget-container\">\n\t\t\t\t\t\t\t\t\t\t\t\t\t\t\t<img fetchpriority=\"high\" decoding=\"async\" width=\"1500\" height=\"1000\" src=\"https:\/\/go4goal.net\/wp-content\/uploads\/2021\/02\/2R0A2025.jpg\" class=\"attachment-2048x2048 size-2048x2048 wp-image-69815\" alt=\"\" srcset=\"https:\/\/go4goal.net\/wp-content\/uploads\/2021\/02\/2R0A2025.jpg 1500w,  https:\/\/go4goal.net\/wp-content\/uploads\/2021\/02\/2R0A2025-450x300.jpg 450w,  https:\/\/go4goal.net\/wp-content\/uploads\/2021\/02\/2R0A2025-768x512.jpg 768w,  https:\/\/go4goal.net\/wp-content\/uploads\/2021\/02\/2R0A2025-1024x683.jpg 1024w,  https:\/\/go4goal.net\/wp-content\/uploads\/2021\/02\/2R0A2025-1000x667.jpg 1000w,  https:\/\/go4goal.net\/wp-content\/uploads\/2021\/02\/2R0A2025-300x200.jpg 300w,  https:\/\/go4goal.net\/wp-content\/uploads\/2021\/02\/2R0A2025-600x400.jpg 600w\" sizes=\"(max-width: 1500px) 100vw, 1500px\" \/>\t\t\t\t\t\t\t\t\t\t\t\t\t\t\t<\/div>\n\t\t\t\t<\/div>\n\t\t\t\t<\/div>\n\t\t\t\t\t<\/div>\n\t\t\t\t<\/div>\n\t\t<div class=\"elementor-element elementor-element-faf860a e-flex e-con-boxed e-con e-parent\" data-id=\"faf860a\" data-element_type=\"container\" data-e-type=\"container\">\n\t\t\t\t\t<div class=\"e-con-inner\">\n\t\t\t\t<div class=\"elementor-element elementor-element-aa03fa7 elementor-widget elementor-widget-heading\" data-id=\"aa03fa7\" data-element_type=\"widget\" data-e-type=\"widget\" data-widget_type=\"heading.default\">\n\t\t\t\t<div class=\"elementor-widget-container\">\n\t\t\t\t\t<h2 class=\"elementor-heading-title elementor-size-default\">Episoden<\/h2>\t\t\t\t<\/div>\n\t\t\t\t<\/div>\n\t\t\t\t<div class=\"elementor-element elementor-element-813e0e0 elementor-widget elementor-widget-html\" data-id=\"813e0e0\" data-element_type=\"widget\" data-e-type=\"widget\" data-widget_type=\"html.default\">\n\t\t\t\t<div class=\"elementor-widget-container\">\n\t\t\t\t\t<iframe style=\"border-radius:12px\" src=\"https:\/\/open.spotify.com\/embed\/episode\/1Ktbu7OQU9KMVMmAJNYz5o?utm_source=generator\" width=\"100%\" height=\"352\" frameborder=\"0\" allowfullscreen=\"\" allow=\"autoplay; clipboard-write; encrypted-media; fullscreen; picture-in-picture\" loading=\"lazy\"><\/iframe>\t\t\t\t<\/div>\n\t\t\t\t<\/div>\n\t\t\t\t<div class=\"elementor-element elementor-element-3e2c6a1 elementor-widget elementor-widget-html\" data-id=\"3e2c6a1\" data-element_type=\"widget\" data-e-type=\"widget\" data-widget_type=\"html.default\">\n\t\t\t\t<div class=\"elementor-widget-container\">\n\t\t\t\t\t<iframe style=\"border-radius:12px\" src=\"https:\/\/open.spotify.com\/embed\/episode\/1jSQNOKzd143fmfFCX11A8?utm_source=generator\" width=\"100%\" height=\"352\" frameborder=\"0\" allowfullscreen=\"\" allow=\"autoplay; clipboard-write; encrypted-media; fullscreen; picture-in-picture\" loading=\"lazy\"><\/iframe>\t\t\t\t<\/div>\n\t\t\t\t<\/div>\n\t\t\t\t<div class=\"elementor-element elementor-element-6687742 elementor-widget elementor-widget-html\" data-id=\"6687742\" data-element_type=\"widget\" data-e-type=\"widget\" data-widget_type=\"html.default\">\n\t\t\t\t<div class=\"elementor-widget-container\">\n\t\t\t\t\t<iframe style=\"border-radius:12px\" src=\"https:\/\/open.spotify.com\/embed\/episode\/2CV1F12rdJ34GjNYPRks7O?utm_source=generator\" width=\"100%\" height=\"352\" frameborder=\"0\" allowfullscreen=\"\" allow=\"autoplay; clipboard-write; encrypted-media; fullscreen; picture-in-picture\" loading=\"lazy\"><\/iframe>\t\t\t\t<\/div>\n\t\t\t\t<\/div>\n\t\t\t\t<div class=\"elementor-element elementor-element-2f9e747 elementor-widget elementor-widget-html\" data-id=\"2f9e747\" data-element_type=\"widget\" data-e-type=\"widget\" data-widget_type=\"html.default\">\n\t\t\t\t<div class=\"elementor-widget-container\">\n\t\t\t\t\t<iframe style=\"border-radius:12px\" src=\"https:\/\/open.spotify.com\/embed\/episode\/54q1P55g3cj2F4N6eKBIvi?utm_source=generator\" width=\"100%\" height=\"352\" frameborder=\"0\" allowfullscreen=\"\" allow=\"autoplay; clipboard-write; encrypted-media; fullscreen; picture-in-picture\" loading=\"lazy\"><\/iframe>\t\t\t\t<\/div>\n\t\t\t\t<\/div>\n\t\t\t\t<div class=\"elementor-element elementor-element-855ef0b elementor-widget elementor-widget-html\" data-id=\"855ef0b\" data-element_type=\"widget\" data-e-type=\"widget\" data-widget_type=\"html.default\">\n\t\t\t\t<div class=\"elementor-widget-container\">\n\t\t\t\t\t<iframe style=\"border-radius:12px\" src=\"https:\/\/open.spotify.com\/embed\/episode\/0PswyjKTF8ImVNPXpYw9bc?utm_source=generator\" width=\"100%\" height=\"352\" frameborder=\"0\" allowfullscreen=\"\" allow=\"autoplay; clipboard-write; encrypted-media; fullscreen; picture-in-picture\" loading=\"lazy\"><\/iframe>\t\t\t\t<\/div>\n\t\t\t\t<\/div>\n\t\t\t\t<div class=\"elementor-element elementor-element-ae0dfb2 elementor-widget elementor-widget-html\" data-id=\"ae0dfb2\" data-element_type=\"widget\" data-e-type=\"widget\" data-widget_type=\"html.default\">\n\t\t\t\t<div class=\"elementor-widget-container\">\n\t\t\t\t\t<iframe style=\"border-radius:12px\" src=\"https:\/\/open.spotify.com\/embed\/episode\/6HLL9qExWWbsqorbsvpmE2?utm_source=generator\" width=\"100%\" height=\"352\" frameborder=\"0\" allowfullscreen=\"\" allow=\"autoplay; clipboard-write; encrypted-media; fullscreen; picture-in-picture\" loading=\"lazy\"><\/iframe>\t\t\t\t<\/div>\n\t\t\t\t<\/div>\n\t\t\t\t<div class=\"elementor-element elementor-element-3b1817f elementor-widget elementor-widget-html\" data-id=\"3b1817f\" data-element_type=\"widget\" data-e-type=\"widget\" data-widget_type=\"html.default\">\n\t\t\t\t<div class=\"elementor-widget-container\">\n\t\t\t\t\t<iframe style=\"border-radius:12px\" src=\"https:\/\/open.spotify.com\/embed\/episode\/0FaFZqdYBf7fRnZnbsPYGy?utm_source=generator\" width=\"100%\" height=\"352\" frameborder=\"0\" allowfullscreen=\"\" allow=\"autoplay; clipboard-write; encrypted-media; fullscreen; picture-in-picture\" loading=\"lazy\"><\/iframe>\t\t\t\t<\/div>\n\t\t\t\t<\/div>\n\t\t\t\t<div class=\"elementor-element elementor-element-933325b elementor-widget elementor-widget-html\" data-id=\"933325b\" data-element_type=\"widget\" data-e-type=\"widget\" data-widget_type=\"html.default\">\n\t\t\t\t<div class=\"elementor-widget-container\">\n\t\t\t\t\t<iframe style=\"border-radius:12px\" src=\"https:\/\/open.spotify.com\/embed\/episode\/1GFjfGbwj4keSX9ysK7gAF?utm_source=generator\" width=\"100%\" height=\"352\" frameborder=\"0\" allowfullscreen=\"\" allow=\"autoplay; clipboard-write; encrypted-media; fullscreen; picture-in-picture\" loading=\"lazy\"><\/iframe>\t\t\t\t<\/div>\n\t\t\t\t<\/div>\n\t\t\t\t<div class=\"elementor-element elementor-element-9b010c6 elementor-widget elementor-widget-html\" data-id=\"9b010c6\" data-element_type=\"widget\" data-e-type=\"widget\" data-widget_type=\"html.default\">\n\t\t\t\t<div class=\"elementor-widget-container\">\n\t\t\t\t\t<iframe style=\"border-radius:12px\" src=\"https:\/\/open.spotify.com\/embed\/episode\/595SJM51RLZpbdZUO3T021?utm_source=generator\" width=\"100%\" height=\"352\" frameborder=\"0\" allowfullscreen=\"\" allow=\"autoplay; clipboard-write; encrypted-media; fullscreen; picture-in-picture\" loading=\"lazy\"><\/iframe>\t\t\t\t<\/div>\n\t\t\t\t<\/div>\n\t\t\t\t<div class=\"elementor-element elementor-element-fac71f2 elementor-widget elementor-widget-html\" data-id=\"fac71f2\" data-element_type=\"widget\" data-e-type=\"widget\" data-widget_type=\"html.default\">\n\t\t\t\t<div class=\"elementor-widget-container\">\n\t\t\t\t\t<iframe style=\"border-radius:12px\" src=\"https:\/\/open.spotify.com\/embed\/episode\/6Vg8VsY4ygQOugPIw52p7V?utm_source=generator\" width=\"100%\" height=\"352\" frameborder=\"0\" allowfullscreen=\"\" allow=\"autoplay; clipboard-write; encrypted-media; fullscreen; picture-in-picture\" loading=\"lazy\"><\/iframe>\t\t\t\t<\/div>\n\t\t\t\t<\/div>\n\t\t\t\t<div class=\"elementor-element elementor-element-7008cc0 elementor-widget elementor-widget-html\" data-id=\"7008cc0\" data-element_type=\"widget\" data-e-type=\"widget\" data-widget_type=\"html.default\">\n\t\t\t\t<div class=\"elementor-widget-container\">\n\t\t\t\t\t<iframe style=\"border-radius:12px\" src=\"https:\/\/open.spotify.com\/embed\/episode\/6TCWKFjF4rR8m5ixlT9fFW?utm_source=generator\" width=\"100%\" height=\"352\" frameborder=\"0\" allowfullscreen=\"\" allow=\"autoplay; clipboard-write; encrypted-media; fullscreen; picture-in-picture\" loading=\"lazy\"><\/iframe>\t\t\t\t<\/div>\n\t\t\t\t<\/div>\n\t\t\t\t<div class=\"elementor-element elementor-element-576af93 elementor-widget elementor-widget-html\" data-id=\"576af93\" data-element_type=\"widget\" data-e-type=\"widget\" data-widget_type=\"html.default\">\n\t\t\t\t<div class=\"elementor-widget-container\">\n\t\t\t\t\t<iframe style=\"border-radius:12px\" src=\"https:\/\/open.spotify.com\/embed\/episode\/2FYjhjKYOsBwUMSCrFO8Pb?utm_source=generator\" width=\"100%\" height=\"352\" frameborder=\"0\" allowfullscreen=\"\" allow=\"autoplay; clipboard-write; encrypted-media; fullscreen; picture-in-picture\" loading=\"lazy\"><\/iframe>\t\t\t\t<\/div>\n\t\t\t\t<\/div>\n\t\t\t\t\t<\/div>\n\t\t\t\t<\/div>\n\t\t\t\t<\/div>","protected":false},"excerpt":{"rendered":"<p>GO4GOAL-Podcast Dieser Sport-Podcast soll inspirierende Geschichten erz\u00e4hlen, die den H\u00f6rern helfen, die Motivation und das Durchhalteverm\u00f6gen zu finden, um ihre Ziele zu erreichen. In den verschiedenen Episoden des Podcasts werden Geschichten pr\u00e4sentiert, die Halt geben und inspirieren &#8211; nicht nur im Sport, sondern auch im Leben im Allgemeinen. Der Podcast bietet die M\u00f6glichkeit, zu wachsen, [&hellip;]<\/p>","protected":false},"author":1,"featured_media":0,"parent":0,"menu_order":0,"comment_status":"closed","ping_status":"closed","template":"","meta":{"_acf_changed":false,"inline_featured_image":false,"footnotes":""},"class_list":["post-69813","page","type-page","status-publish","hentry"],"acf":[],"_links":{"self":[{"href":"https:\/\/go4goal.net\/de\/wp-json\/wp\/v2\/pages\/69813","targetHints":{"allow":["GET"]}}],"collection":[{"href":"https:\/\/go4goal.net\/de\/wp-json\/wp\/v2\/pages"}],"about":[{"href":"https:\/\/go4goal.net\/de\/wp-json\/wp\/v2\/types\/page"}],"author":[{"embeddable":true,"href":"https:\/\/go4goal.net\/de\/wp-json\/wp\/v2\/users\/1"}],"replies":[{"embeddable":true,"href":"https:\/\/go4goal.net\/de\/wp-json\/wp\/v2\/comments?post=69813"}],"version-history":[{"count":0,"href":"https:\/\/go4goal.net\/de\/wp-json\/wp\/v2\/pages\/69813\/revisions"}],"wp:attachment":[{"href":"https:\/\/go4goal.net\/de\/wp-json\/wp\/v2\/media?parent=69813"}],"curies":[{"name":"wp","href":"https:\/\/api.w.org\/{rel}","templated":true}]}}