{"id":68823,"date":"2024-09-23T11:45:03","date_gmt":"2024-09-23T11:45:03","guid":{"rendered":"https:\/\/go4goal.net\/izdelek\/duo-schulungspaket\/"},"modified":"2025-10-02T13:59:35","modified_gmt":"2025-10-02T11:59:35","slug":"duo-trainingspaket","status":"publish","type":"product","link":"https:\/\/go4goal.net\/de\/izdelek\/duo-trainingspaket\/","title":{"rendered":"Duo-Trainingspaket"},"content":{"rendered":"<div data-elementor-type=\"wp-post\" data-elementor-id=\"68823\" class=\"elementor elementor-68823 elementor-62927\" data-elementor-post-type=\"product\">\n\t\t\t\t<div class=\"elementor-element elementor-element-c0ec9b8 e-grid elementor-hidden-desktop e-con-boxed e-con e-parent\" data-id=\"c0ec9b8\" data-element_type=\"container\" data-e-type=\"container\">\n\t\t\t\t\t<div class=\"e-con-inner\">\n\t\t\t\t<div class=\"elementor-element elementor-element-36d93c5 elementor-widget elementor-widget-image\" data-id=\"36d93c5\" data-element_type=\"widget\" data-e-type=\"widget\" data-widget_type=\"image.default\">\n\t\t\t\t<div class=\"elementor-widget-container\">\n\t\t\t\t\t\t\t\t\t\t\t\t\t\t\t\t<a href=\"https:\/\/go4goal.net\/izdelek\/go4goal-performance\/\">\n\t\t\t\t\t\t\t<img fetchpriority=\"high\" decoding=\"async\" width=\"800\" height=\"800\" src=\"https:\/\/go4goal.net\/wp-content\/uploads\/2024\/09\/perf-fotka1.jpg\" class=\"attachment-large size-large wp-image-68651\" alt=\"\" srcset=\"https:\/\/go4goal.net\/wp-content\/uploads\/2024\/09\/perf-fotka1.jpg 800w,  https:\/\/go4goal.net\/wp-content\/uploads\/2024\/09\/perf-fotka1-150x150.jpg 150w,  https:\/\/go4goal.net\/wp-content\/uploads\/2024\/09\/perf-fotka1-450x450.jpg 450w,  https:\/\/go4goal.net\/wp-content\/uploads\/2024\/09\/perf-fotka1-768x768.jpg 768w,  https:\/\/go4goal.net\/wp-content\/uploads\/2024\/09\/perf-fotka1-100x100.jpg 100w,  https:\/\/go4goal.net\/wp-content\/uploads\/2024\/09\/perf-fotka1-50x50.jpg 50w\" sizes=\"(max-width: 800px) 100vw, 800px\" \/>\t\t\t\t\t\t\t\t<\/a>\n\t\t\t\t\t\t\t\t\t\t\t\t\t\t\t<\/div>\n\t\t\t\t<\/div>\n\t\t\t\t\t<\/div>\n\t\t\t\t<\/div>\n\t\t<div class=\"elementor-element elementor-element-4bb1dc4 e-grid elementor-hidden-desktop e-con-boxed e-con e-parent\" data-id=\"4bb1dc4\" data-element_type=\"container\" data-e-type=\"container\">\n\t\t\t\t\t<div class=\"e-con-inner\">\n\t\t\t\t<div class=\"elementor-element elementor-element-3724ae2 elementor-align-center elementor-widget elementor-widget-button\" data-id=\"3724ae2\" data-element_type=\"widget\" data-e-type=\"widget\" data-widget_type=\"button.default\">\n\t\t\t\t<div class=\"elementor-widget-container\">\n\t\t\t\t\t\t\t\t\t<div class=\"elementor-button-wrapper\">\n\t\t\t\t\t<a class=\"elementor-button elementor-button-link elementor-size-sm\" href=\"https:\/\/go4goal.net\/izdelek\/go4goal-performance\/\">\n\t\t\t\t\t\t<span class=\"elementor-button-content-wrapper\">\n\t\t\t\t\t\t\t\t\t<span class=\"elementor-button-text\">Leistung<\/span>\n\t\t\t\t\t<\/span>\n\t\t\t\t\t<\/a>\n\t\t\t\t<\/div>\n\t\t\t\t\t\t\t\t<\/div>\n\t\t\t\t<\/div>\n\t\t\t\t\t<\/div>\n\t\t\t\t<\/div>\n\t\t<div class=\"elementor-element elementor-element-0b598a4 e-grid elementor-hidden-desktop e-con-boxed e-con e-parent\" data-id=\"0b598a4\" data-element_type=\"container\" data-e-type=\"container\">\n\t\t\t\t\t<div class=\"e-con-inner\">\n\t\t\t\t<div class=\"elementor-element elementor-element-e95287b elementor-widget elementor-widget-image\" data-id=\"e95287b\" data-element_type=\"widget\" data-e-type=\"widget\" data-widget_type=\"image.default\">\n\t\t\t\t<div class=\"elementor-widget-container\">\n\t\t\t\t\t\t\t\t\t\t\t\t\t\t\t\t<a href=\"https:\/\/go4goal.net\/izdelek\/go4goal-comfort-lite\/\">\n\t\t\t\t\t\t\t<img decoding=\"async\" width=\"800\" height=\"800\" src=\"https:\/\/go4goal.net\/wp-content\/uploads\/2024\/09\/COMF-L-SLIKA1.jpg\" class=\"attachment-large size-large wp-image-68653\" alt=\"\" srcset=\"https:\/\/go4goal.net\/wp-content\/uploads\/2024\/09\/COMF-L-SLIKA1.jpg 800w,  https:\/\/go4goal.net\/wp-content\/uploads\/2024\/09\/COMF-L-SLIKA1-150x150.jpg 150w,  https:\/\/go4goal.net\/wp-content\/uploads\/2024\/09\/COMF-L-SLIKA1-450x450.jpg 450w,  https:\/\/go4goal.net\/wp-content\/uploads\/2024\/09\/COMF-L-SLIKA1-768x768.jpg 768w,  https:\/\/go4goal.net\/wp-content\/uploads\/2024\/09\/COMF-L-SLIKA1-100x100.jpg 100w,  https:\/\/go4goal.net\/wp-content\/uploads\/2024\/09\/COMF-L-SLIKA1-50x50.jpg 50w\" sizes=\"(max-width: 800px) 100vw, 800px\" \/>\t\t\t\t\t\t\t\t<\/a>\n\t\t\t\t\t\t\t\t\t\t\t\t\t\t\t<\/div>\n\t\t\t\t<\/div>\n\t\t\t\t\t<\/div>\n\t\t\t\t<\/div>\n\t\t<div class=\"elementor-element elementor-element-699a8d4 e-grid elementor-hidden-desktop e-con-boxed e-con e-parent\" data-id=\"699a8d4\" data-element_type=\"container\" data-e-type=\"container\">\n\t\t\t\t\t<div class=\"e-con-inner\">\n\t\t\t\t<div class=\"elementor-element elementor-element-270d367 elementor-align-center elementor-widget elementor-widget-button\" data-id=\"270d367\" data-element_type=\"widget\" data-e-type=\"widget\" data-widget_type=\"button.default\">\n\t\t\t\t<div class=\"elementor-widget-container\">\n\t\t\t\t\t\t\t\t\t<div class=\"elementor-button-wrapper\">\n\t\t\t\t\t<a class=\"elementor-button elementor-button-link elementor-size-sm\" href=\"https:\/\/go4goal.net\/izdelek\/go4goal-comfort-lite\/\">\n\t\t\t\t\t\t<span class=\"elementor-button-content-wrapper\">\n\t\t\t\t\t\t\t\t\t<span class=\"elementor-button-text\">Comfort-Lite<\/span>\n\t\t\t\t\t<\/span>\n\t\t\t\t\t<\/a>\n\t\t\t\t<\/div>\n\t\t\t\t\t\t\t\t<\/div>\n\t\t\t\t<\/div>\n\t\t\t\t\t<\/div>\n\t\t\t\t<\/div>\n\t\t<div class=\"elementor-element elementor-element-4d49334 e-grid elementor-hidden-mobile e-con-boxed e-con e-parent\" data-id=\"4d49334\" data-element_type=\"container\" data-e-type=\"container\">\n\t\t\t\t\t<div class=\"e-con-inner\">\n\t\t\t\t<div class=\"elementor-element elementor-element-5839bbb elementor-widget elementor-widget-image\" data-id=\"5839bbb\" data-element_type=\"widget\" data-e-type=\"widget\" data-widget_type=\"image.default\">\n\t\t\t\t<div class=\"elementor-widget-container\">\n\t\t\t\t\t\t\t\t\t\t\t\t\t\t\t\t<a href=\"https:\/\/go4goal.net\/izdelek\/go4goal-performance\/\">\n\t\t\t\t\t\t\t<img fetchpriority=\"high\" decoding=\"async\" width=\"800\" height=\"800\" src=\"https:\/\/go4goal.net\/wp-content\/uploads\/2024\/09\/perf-fotka1.jpg\" class=\"attachment-large size-large wp-image-68651\" alt=\"\" srcset=\"https:\/\/go4goal.net\/wp-content\/uploads\/2024\/09\/perf-fotka1.jpg 800w,  https:\/\/go4goal.net\/wp-content\/uploads\/2024\/09\/perf-fotka1-150x150.jpg 150w,  https:\/\/go4goal.net\/wp-content\/uploads\/2024\/09\/perf-fotka1-450x450.jpg 450w,  https:\/\/go4goal.net\/wp-content\/uploads\/2024\/09\/perf-fotka1-768x768.jpg 768w,  https:\/\/go4goal.net\/wp-content\/uploads\/2024\/09\/perf-fotka1-100x100.jpg 100w,  https:\/\/go4goal.net\/wp-content\/uploads\/2024\/09\/perf-fotka1-50x50.jpg 50w\" sizes=\"(max-width: 800px) 100vw, 800px\" \/>\t\t\t\t\t\t\t\t<\/a>\n\t\t\t\t\t\t\t\t\t\t\t\t\t\t\t<\/div>\n\t\t\t\t<\/div>\n\t\t\t\t<div class=\"elementor-element elementor-element-fcad801 elementor-widget elementor-widget-image\" data-id=\"fcad801\" data-element_type=\"widget\" data-e-type=\"widget\" data-widget_type=\"image.default\">\n\t\t\t\t<div class=\"elementor-widget-container\">\n\t\t\t\t\t\t\t\t\t\t\t\t\t\t\t\t<a href=\"https:\/\/go4goal.net\/izdelek\/go4goal-comfort-lite\/\">\n\t\t\t\t\t\t\t<img decoding=\"async\" width=\"800\" height=\"800\" src=\"https:\/\/go4goal.net\/wp-content\/uploads\/2024\/09\/COMF-L-SLIKA1.jpg\" class=\"attachment-large size-large wp-image-68653\" alt=\"\" srcset=\"https:\/\/go4goal.net\/wp-content\/uploads\/2024\/09\/COMF-L-SLIKA1.jpg 800w,  https:\/\/go4goal.net\/wp-content\/uploads\/2024\/09\/COMF-L-SLIKA1-150x150.jpg 150w,  https:\/\/go4goal.net\/wp-content\/uploads\/2024\/09\/COMF-L-SLIKA1-450x450.jpg 450w,  https:\/\/go4goal.net\/wp-content\/uploads\/2024\/09\/COMF-L-SLIKA1-768x768.jpg 768w,  https:\/\/go4goal.net\/wp-content\/uploads\/2024\/09\/COMF-L-SLIKA1-100x100.jpg 100w,  https:\/\/go4goal.net\/wp-content\/uploads\/2024\/09\/COMF-L-SLIKA1-50x50.jpg 50w\" sizes=\"(max-width: 800px) 100vw, 800px\" \/>\t\t\t\t\t\t\t\t<\/a>\n\t\t\t\t\t\t\t\t\t\t\t\t\t\t\t<\/div>\n\t\t\t\t<\/div>\n\t\t\t\t\t<\/div>\n\t\t\t\t<\/div>\n\t\t<div class=\"elementor-element elementor-element-8fca1c4 e-grid elementor-hidden-mobile e-con-boxed e-con e-parent\" data-id=\"8fca1c4\" data-element_type=\"container\" data-e-type=\"container\">\n\t\t\t\t\t<div class=\"e-con-inner\">\n\t\t\t\t<div class=\"elementor-element elementor-element-c912640 elementor-align-center elementor-widget elementor-widget-button\" data-id=\"c912640\" data-element_type=\"widget\" data-e-type=\"widget\" data-widget_type=\"button.default\">\n\t\t\t\t<div class=\"elementor-widget-container\">\n\t\t\t\t\t\t\t\t\t<div class=\"elementor-button-wrapper\">\n\t\t\t\t\t<a class=\"elementor-button elementor-button-link elementor-size-sm\" href=\"https:\/\/go4goal.net\/de\/izdelek\/performance\/\">\n\t\t\t\t\t\t<span class=\"elementor-button-content-wrapper\">\n\t\t\t\t\t\t\t\t\t<span class=\"elementor-button-text\">Performance<\/span>\n\t\t\t\t\t<\/span>\n\t\t\t\t\t<\/a>\n\t\t\t\t<\/div>\n\t\t\t\t\t\t\t\t<\/div>\n\t\t\t\t<\/div>\n\t\t\t\t<div class=\"elementor-element elementor-element-96ebec6 elementor-align-center elementor-widget elementor-widget-button\" data-id=\"96ebec6\" data-element_type=\"widget\" data-e-type=\"widget\" data-widget_type=\"button.default\">\n\t\t\t\t<div class=\"elementor-widget-container\">\n\t\t\t\t\t\t\t\t\t<div class=\"elementor-button-wrapper\">\n\t\t\t\t\t<a class=\"elementor-button elementor-button-link elementor-size-sm\" href=\"https:\/\/go4goal.net\/de\/izdelek\/comfort-lite\/\">\n\t\t\t\t\t\t<span class=\"elementor-button-content-wrapper\">\n\t\t\t\t\t\t\t\t\t<span class=\"elementor-button-text\">Comfort-Lite<\/span>\n\t\t\t\t\t<\/span>\n\t\t\t\t\t<\/a>\n\t\t\t\t<\/div>\n\t\t\t\t\t\t\t\t<\/div>\n\t\t\t\t<\/div>\n\t\t\t\t\t<\/div>\n\t\t\t\t<\/div>\n\t\t<div class=\"elementor-element elementor-element-4c87629a e-flex e-con-boxed e-con e-parent\" data-id=\"4c87629a\" data-element_type=\"container\" data-e-type=\"container\">\n\t\t\t\t\t<div class=\"e-con-inner\">\n\t\t\t\t<div class=\"elementor-element elementor-element-396900d6 elementor-widget__width-initial elementor-vertical-align-top elementor-widget elementor-widget-image-box\" data-id=\"396900d6\" data-element_type=\"widget\" data-e-type=\"widget\" data-widget_type=\"image-box.default\">\n\t\t\t\t<div class=\"elementor-widget-container\">\n\t\t\t\t\t<div class=\"elementor-image-box-wrapper\"><figure class=\"elementor-image-box-img\"><img decoding=\"async\" width=\"500\" height=\"500\" src=\"https:\/\/go4goal.net\/wp-content\/uploads\/2024\/02\/oeko-tex.png\" class=\"elementor-animation-grow attachment-full size-full wp-image-68853\" alt=\"\" srcset=\"https:\/\/go4goal.net\/wp-content\/uploads\/2024\/02\/oeko-tex.png 500w,  https:\/\/go4goal.net\/wp-content\/uploads\/2024\/02\/oeko-tex-150x150.png 150w,  https:\/\/go4goal.net\/wp-content\/uploads\/2024\/02\/oeko-tex-450x450.png 450w,  https:\/\/go4goal.net\/wp-content\/uploads\/2024\/02\/oeko-tex-100x100.png 100w,  https:\/\/go4goal.net\/wp-content\/uploads\/2024\/02\/oeko-tex-50x50.png 50w\" sizes=\"(max-width: 500px) 100vw, 500px\" \/><\/figure><div class=\"elementor-image-box-content\"><h3 class=\"elementor-image-box-title\">OEKO-TEX\u00ae 100<\/h3><p class=\"elementor-image-box-description\">Unsere Socken sind frei von sch\u00e4dlichen Substanzen, hautfreundlich und umweltbewusst hergestellt.<\/p><\/div><\/div>\t\t\t\t<\/div>\n\t\t\t\t<\/div>\n\t\t\t\t<div class=\"elementor-element elementor-element-292a342a elementor-widget__width-initial elementor-vertical-align-top elementor-widget elementor-widget-image-box\" data-id=\"292a342a\" data-element_type=\"widget\" data-e-type=\"widget\" data-widget_type=\"image-box.default\">\n\t\t\t\t<div class=\"elementor-widget-container\">\n\t\t\t\t\t<div class=\"elementor-image-box-wrapper\"><figure class=\"elementor-image-box-img\"><img loading=\"lazy\" decoding=\"async\" width=\"500\" height=\"500\" src=\"https:\/\/go4goal.net\/wp-content\/uploads\/2023\/07\/Europe1.png\" class=\"elementor-animation-grow attachment-full size-full wp-image-46616\" alt=\"\" srcset=\"https:\/\/go4goal.net\/wp-content\/uploads\/2023\/07\/Europe1.png 500w,  https:\/\/go4goal.net\/wp-content\/uploads\/2023\/07\/Europe1-450x450.png 450w,  https:\/\/go4goal.net\/wp-content\/uploads\/2023\/07\/Europe1-150x150.png 150w,  https:\/\/go4goal.net\/wp-content\/uploads\/2023\/07\/Europe1-100x100.png 100w\" sizes=\"(max-width: 500px) 100vw, 500px\" \/><\/figure><div class=\"elementor-image-box-content\"><h3 class=\"elementor-image-box-title\">HERGESTELLT IN EUROPA<\/h3><p class=\"elementor-image-box-description\">Unsere Produkte werden in Zusammenarbeit mit Experten entwickelt und mit modernster Technologie gefertigt \u2013 f\u00fcr herausragende Qualit\u00e4t.<\/p><\/div><\/div>\t\t\t\t<\/div>\n\t\t\t\t<\/div>\n\t\t\t\t<div class=\"elementor-element elementor-element-7020c4b8 elementor-widget__width-initial elementor-vertical-align-top elementor-widget elementor-widget-image-box\" data-id=\"7020c4b8\" data-element_type=\"widget\" data-e-type=\"widget\" data-widget_type=\"image-box.default\">\n\t\t\t\t<div class=\"elementor-widget-container\">\n\t\t\t\t\t<div class=\"elementor-image-box-wrapper\"><figure class=\"elementor-image-box-img\"><img loading=\"lazy\" decoding=\"async\" width=\"500\" height=\"500\" src=\"https:\/\/go4goal.net\/wp-content\/uploads\/2023\/07\/Quality2.png\" class=\"elementor-animation-grow attachment-full size-full wp-image-46620\" alt=\"\" srcset=\"https:\/\/go4goal.net\/wp-content\/uploads\/2023\/07\/Quality2.png 500w,  https:\/\/go4goal.net\/wp-content\/uploads\/2023\/07\/Quality2-450x450.png 450w,  https:\/\/go4goal.net\/wp-content\/uploads\/2023\/07\/Quality2-150x150.png 150w,  https:\/\/go4goal.net\/wp-content\/uploads\/2023\/07\/Quality2-100x100.png 100w\" sizes=\"(max-width: 500px) 100vw, 500px\" \/><\/figure><div class=\"elementor-image-box-content\"><h3 class=\"elementor-image-box-title\">PREMIUM-MATERIALIEN<\/h3><p class=\"elementor-image-box-description\">Wir setzen auf hochmoderne, zertifizierte und umweltfreundliche Materialien \u2013 perfekt f\u00fcr sportliche H\u00f6chstleistungen.<\/p><\/div><\/div>\t\t\t\t<\/div>\n\t\t\t\t<\/div>\n\t\t\t\t\t<\/div>\n\t\t\t\t<\/div>\n\t\t\t\t<\/div>","protected":false},"excerpt":{"rendered":"<article class=\"w-full text-token-text-primary\" dir=\"auto\" data-testid=\"conversation-turn-16\" data-scroll-anchor=\"false\">\n<div class=\"text-base my-auto mx-auto py-5 px-6\">\n<div class=\"mx-auto flex flex-1 text-base gap-4 md:gap-5 lg:gap-6 md:max-w-3xl lg:max-w-[40rem] xl:max-w-[48rem] group\/turn-messages focus-visible:outline-none\" tabindex=\"-1\">\n<div class=\"group\/conversation-turn relative flex w-full min-w-0 flex-col agent-turn @xs\/thread:px-0 @sm\/thread:px-1.5 @md\/thread:px-4\">\n<div class=\"relative flex-col gap-1 md:gap-3\">\n<div class=\"flex max-w-full flex-col flex-grow\">\n<div class=\"min-h-8 text-message relative flex w-full flex-col items-end gap-2 whitespace-normal break-words text-start [.text-message+&amp;]:mt-5\" dir=\"auto\" data-message-author-role=\"assistant\" data-message-id=\"c6bde04e-8cb1-4126-af17-19912e5b440a\" data-message-model-slug=\"gpt-4o\">\n<div class=\"flex w-full flex-col gap-1 empty:hidden first:pt-[3px]\">\n<div class=\"markdown prose w-full break-words dark:prose-invert dark\">\n<p><span style=\"color: #000000;\">Dieses Set bietet dir alles, was du f\u00fcr H\u00f6chstleistungen brauchst. &#x1f680; Das Performance-Modell \u00fcberzeugt durch au\u00dfergew\u00f6hnliche Langlebigkeit und Funktionalit\u00e4t, w\u00e4hrend Comfort-Lite mit der Weichheit und dem Komfort von nat\u00fcrlicher Baumwolle punktet.<\/span><\/p>\n<\/div>\n<\/div>\n<\/div>\n<\/div>\n<\/div>\n<\/div>\n<\/div>\n<\/div>\n<\/article>","protected":false},"featured_media":71988,"template":"","meta":{"_acf_changed":false,"inline_featured_image":false},"product_brand":[],"product_cat":[205,468,465],"product_tag":[694],"class_list":{"0":"post-68823","1":"product","2":"type-product","3":"status-publish","4":"has-post-thumbnail","6":"product_cat-go4goal-de","7":"product_cat-packages-de","8":"product_cat-socks-de","9":"product_tag-paket","11":"first","12":"instock","13":"sale","14":"featured","15":"shipping-taxable","16":"purchasable","17":"product-type-variable","18":"has-default-attributes"},"acf":[],"_links":{"self":[{"href":"https:\/\/go4goal.net\/de\/wp-json\/wp\/v2\/product\/68823","targetHints":{"allow":["GET"]}}],"collection":[{"href":"https:\/\/go4goal.net\/de\/wp-json\/wp\/v2\/product"}],"about":[{"href":"https:\/\/go4goal.net\/de\/wp-json\/wp\/v2\/types\/product"}],"version-history":[{"count":1,"href":"https:\/\/go4goal.net\/de\/wp-json\/wp\/v2\/product\/68823\/revisions"}],"predecessor-version":[{"id":74216,"href":"https:\/\/go4goal.net\/de\/wp-json\/wp\/v2\/product\/68823\/revisions\/74216"}],"wp:featuredmedia":[{"embeddable":true,"href":"https:\/\/go4goal.net\/de\/wp-json\/wp\/v2\/media\/71988"}],"wp:attachment":[{"href":"https:\/\/go4goal.net\/de\/wp-json\/wp\/v2\/media?parent=68823"}],"wp:term":[{"taxonomy":"product_brand","embeddable":true,"href":"https:\/\/go4goal.net\/de\/wp-json\/wp\/v2\/product_brand?post=68823"},{"taxonomy":"product_cat","embeddable":true,"href":"https:\/\/go4goal.net\/de\/wp-json\/wp\/v2\/product_cat?post=68823"},{"taxonomy":"product_tag","embeddable":true,"href":"https:\/\/go4goal.net\/de\/wp-json\/wp\/v2\/product_tag?post=68823"}],"curies":[{"name":"wp","href":"https:\/\/api.w.org\/{rel}","templated":true}]}}