{"id":68868,"date":"2024-09-23T11:39:45","date_gmt":"2024-09-23T11:39:45","guid":{"rendered":"https:\/\/go4goal.net\/izdelek\/fussball-leistungspaket\/"},"modified":"2026-02-18T10:44:47","modified_gmt":"2026-02-18T08:44:47","slug":"performance-fussballpaket","status":"publish","type":"product","link":"https:\/\/go4goal.net\/de\/izdelek\/performance-fussballpaket\/","title":{"rendered":"Performance-Fu\u00dfballpaket"},"content":{"rendered":"<div data-elementor-type=\"wp-post\" data-elementor-id=\"68868\" class=\"elementor elementor-68868 elementor-62784\" data-elementor-post-type=\"product\">\n\t\t\t\t<div class=\"elementor-element elementor-element-4d9600df e-flex e-con-boxed e-con e-parent\" data-id=\"4d9600df\" data-element_type=\"container\" data-e-type=\"container\">\n\t\t\t\t\t<div class=\"e-con-inner\">\n\t\t<div class=\"elementor-element elementor-element-28c5cd6f e-con-full e-flex e-con e-child\" data-id=\"28c5cd6f\" data-element_type=\"container\" data-e-type=\"container\">\n\t\t\t\t<div class=\"elementor-element elementor-element-bc47e5a elementor-widget elementor-widget-hotspot\" data-id=\"bc47e5a\" data-element_type=\"widget\" data-e-type=\"widget\" data-settings=\"{&quot;hotspot&quot;:[{&quot;_id&quot;:&quot;70c8f78&quot;, &quot;hotspot_link&quot;:{&quot;url&quot;:&quot;https:\\\/\\\/go4goal.net\\\/de\\\/izdelek\\\/fussball-stutzen\\\/&quot;, &quot;is_external&quot;:&quot;&quot;, &quot;nofollow&quot;:&quot;&quot;, &quot;custom_attributes&quot;:&quot;&quot;}, &quot;hotspot_tooltip_content&quot;:&quot;&lt;p&gt;&lt;img class=\\&quot;alignleft size-full wp-image-62496\\&quot; src=\\&quot;https:\\\/\\\/go4goal.net\\\/wp-content\\\/uploads\\\/2023\\\/11\\\/Tubes.png\\&quot; alt=\\&quot;\\&quot; width=\\&quot;800\\&quot; height=\\&quot;800\\&quot; \\\/&gt;&lt;\\\/p&gt;&quot;, &quot;hotspot_offset_x&quot;:{&quot;unit&quot;:&quot;%&quot;, &quot;size&quot;:23, &quot;sizes&quot;:[]}, &quot;hotspot_offset_y&quot;:{&quot;unit&quot;:&quot;%&quot;, &quot;size&quot;:36, &quot;sizes&quot;:[]}, &quot;__dynamic__&quot;:null, &quot;hotspot_label&quot;:&quot;&quot;, &quot;hotspot_icon&quot;:{&quot;value&quot;:&quot;&quot;, &quot;library&quot;:&quot;&quot;}, &quot;hotspot_custom_size&quot;:&quot;no&quot;, &quot;hotspot_horizontal&quot;:&quot;left&quot;, &quot;hotspot_vertical&quot;:&quot;top&quot;, &quot;hotspot_tooltip_position&quot;:&quot;no&quot;, &quot;hotspot_position&quot;:null, &quot;hotspot_position_tablet&quot;:null, &quot;hotspot_position_mobile&quot;:null, &quot;hotspot_icon_position&quot;:null, &quot;hotspot_icon_spacing&quot;:null, &quot;hotspot_width&quot;:null, &quot;hotspot_height&quot;:null, &quot;hotspot_offset_x_tablet&quot;:{&quot;unit&quot;:&quot;px&quot;, &quot;size&quot;:&quot;&quot;, &quot;sizes&quot;:[]}, &quot;hotspot_offset_x_mobile&quot;:{&quot;unit&quot;:&quot;px&quot;, &quot;size&quot;:&quot;&quot;, &quot;sizes&quot;:[]}, &quot;hotspot_offset_y_tablet&quot;:{&quot;unit&quot;:&quot;px&quot;, &quot;size&quot;:&quot;&quot;, &quot;sizes&quot;:[]}, &quot;hotspot_offset_y_mobile&quot;:{&quot;unit&quot;:&quot;px&quot;, &quot;size&quot;:&quot;&quot;, &quot;sizes&quot;:[]}, &quot;hotspot_tooltip_width&quot;:null, &quot;hotspot_tooltip_width_tablet&quot;:null, &quot;hotspot_tooltip_width_mobile&quot;:null, &quot;hotspot_tooltip_text_wrap&quot;:null}, {&quot;hotspot_link&quot;:{&quot;url&quot;:&quot;https:\\\/\\\/go4goal.net\\\/de\\\/izdelek\\\/performance\\\/&quot;, &quot;is_external&quot;:&quot;&quot;, &quot;nofollow&quot;:&quot;&quot;, &quot;custom_attributes&quot;:&quot;&quot;}, &quot;hotspot_tooltip_content&quot;:&quot;&lt;p&gt;&lt;img class=\\&quot;alignleft size-full wp-image-62501\\&quot; src=\\&quot;https:\\\/\\\/go4goal.net\\\/wp-content\\\/uploads\\\/2024\\\/02\\\/PERFORMANCE.png\\&quot; alt=\\&quot;\\&quot; width=\\&quot;800\\&quot; height=\\&quot;800\\&quot; \\\/&gt;&lt;\\\/p&gt;&quot;, &quot;hotspot_offset_x&quot;:{&quot;unit&quot;:&quot;%&quot;, &quot;size&quot;:18, &quot;sizes&quot;:[]}, &quot;hotspot_offset_y&quot;:{&quot;unit&quot;:&quot;%&quot;, &quot;size&quot;:90, &quot;sizes&quot;:[]}, &quot;_id&quot;:&quot;d0412b6&quot;, &quot;__dynamic__&quot;:null, &quot;hotspot_label&quot;:&quot;&quot;, &quot;hotspot_icon&quot;:{&quot;value&quot;:&quot;&quot;, &quot;library&quot;:&quot;&quot;}, &quot;hotspot_custom_size&quot;:&quot;no&quot;, &quot;hotspot_horizontal&quot;:&quot;left&quot;, &quot;hotspot_vertical&quot;:&quot;top&quot;, &quot;hotspot_tooltip_position&quot;:&quot;no&quot;, &quot;hotspot_position&quot;:null, &quot;hotspot_position_tablet&quot;:null, &quot;hotspot_position_mobile&quot;:null, &quot;hotspot_icon_position&quot;:null, &quot;hotspot_icon_spacing&quot;:null, &quot;hotspot_width&quot;:null, &quot;hotspot_height&quot;:null, &quot;hotspot_offset_x_tablet&quot;:{&quot;unit&quot;:&quot;px&quot;, &quot;size&quot;:&quot;&quot;, &quot;sizes&quot;:[]}, &quot;hotspot_offset_x_mobile&quot;:{&quot;unit&quot;:&quot;px&quot;, &quot;size&quot;:&quot;&quot;, &quot;sizes&quot;:[]}, &quot;hotspot_offset_y_tablet&quot;:{&quot;unit&quot;:&quot;px&quot;, &quot;size&quot;:&quot;&quot;, &quot;sizes&quot;:[]}, &quot;hotspot_offset_y_mobile&quot;:{&quot;unit&quot;:&quot;px&quot;, &quot;size&quot;:&quot;&quot;, &quot;sizes&quot;:[]}, &quot;hotspot_tooltip_width&quot;:null, &quot;hotspot_tooltip_width_tablet&quot;:null, &quot;hotspot_tooltip_width_mobile&quot;:null, &quot;hotspot_tooltip_text_wrap&quot;:null}], &quot;tooltip_trigger&quot;:&quot;mouseenter&quot;, &quot;hotspot_sequenced_animation&quot;:&quot;no&quot;, &quot;tooltip_position&quot;:&quot;top&quot;, &quot;tooltip_animation&quot;:&quot;e-hotspot--fade-in-out&quot;}\" data-widget_type=\"hotspot.default\">\n\t\t\t\t<div class=\"elementor-widget-container\">\n\t\t\t\t\t<img fetchpriority=\"high\" decoding=\"async\" width=\"800\" height=\"800\" src=\"https:\/\/go4goal.net\/wp-content\/uploads\/2024\/09\/PAKET-SOCCER-2-1.jpg\" class=\"attachment-large size-large wp-image-68870\" alt=\"\" srcset=\"https:\/\/go4goal.net\/wp-content\/uploads\/2024\/09\/PAKET-SOCCER-2-1.jpg 800w,  https:\/\/go4goal.net\/wp-content\/uploads\/2024\/09\/PAKET-SOCCER-2-1-150x150.jpg 150w,  https:\/\/go4goal.net\/wp-content\/uploads\/2024\/09\/PAKET-SOCCER-2-1-450x450.jpg 450w,  https:\/\/go4goal.net\/wp-content\/uploads\/2024\/09\/PAKET-SOCCER-2-1-768x768.jpg 768w,  https:\/\/go4goal.net\/wp-content\/uploads\/2024\/09\/PAKET-SOCCER-2-1-100x100.jpg 100w,  https:\/\/go4goal.net\/wp-content\/uploads\/2024\/09\/PAKET-SOCCER-2-1-50x50.jpg 50w\" sizes=\"(max-width: 800px) 100vw, 800px\" \/>\n\t\t\t\t\t\t<a class=\"e-hotspot elementor-repeater-item-70c8f78  e-hotspot--position-left e-hotspot--position-top e-hotspot--link  e-hotspot--circle\" href=\"https:\/\/go4goal.net\/de\/izdelek\/fussball-stutzen\/\">\n\n\t\t\t\t\t\t\t\t<div class=\"e-hotspot__button e-hotspot--expand\">\n\t\t\t\t\t\t\t\t\t\t\t<div class=\"e-hotspot__outer-circle\"><\/div>\n\t\t\t\t\t\t<div class=\"e-hotspot__inner-circle\"><\/div>\n\t\t\t\t\t\t\t\t\t<\/div>\n\n\t\t\t\t\t\t\t\t\t\t\t\t\t\t\t\t\t\t<div class=\"e-hotspot__tooltip  e-hotspot--tooltip-position e-hotspot--fade-in-out\" >\n\t\t\t\t\t\t<p><img decoding=\"async\" class=\"alignleft size-full wp-image-62496\" src=\"https:\/\/go4goal.net\/wp-content\/uploads\/2023\/11\/Tubes.png\" alt=\"\" width=\"800\" height=\"800\" srcset=\"https:\/\/go4goal.net\/wp-content\/uploads\/2023\/11\/Tubes.png 800w,  https:\/\/go4goal.net\/wp-content\/uploads\/2023\/11\/Tubes-150x150.png 150w,  https:\/\/go4goal.net\/wp-content\/uploads\/2023\/11\/Tubes-450x450.png 450w,  https:\/\/go4goal.net\/wp-content\/uploads\/2023\/11\/Tubes-768x768.png 768w,  https:\/\/go4goal.net\/wp-content\/uploads\/2023\/11\/Tubes-100x100.png 100w,  https:\/\/go4goal.net\/wp-content\/uploads\/2023\/11\/Tubes-50x50.png 50w\" sizes=\"(max-width: 800px) 100vw, 800px\" \/><\/p>\t\t\t\t\t<\/div>\n\t\t\t\t\t\t\t\t\t\n\t\t\t<\/a>\n\n\t\n\t\t\t\t\t\t<a class=\"e-hotspot elementor-repeater-item-d0412b6  e-hotspot--position-left e-hotspot--position-top e-hotspot--link  e-hotspot--circle\" href=\"https:\/\/go4goal.net\/de\/izdelek\/performance\/\">\n\n\t\t\t\t\t\t\t\t<div class=\"e-hotspot__button e-hotspot--expand\">\n\t\t\t\t\t\t\t\t\t\t\t<div class=\"e-hotspot__outer-circle\"><\/div>\n\t\t\t\t\t\t<div class=\"e-hotspot__inner-circle\"><\/div>\n\t\t\t\t\t\t\t\t\t<\/div>\n\n\t\t\t\t\t\t\t\t\t\t\t\t\t\t\t\t\t\t<div class=\"e-hotspot__tooltip  e-hotspot--tooltip-position e-hotspot--fade-in-out\" >\n\t\t\t\t\t\t<p><img decoding=\"async\" class=\"alignleft size-full wp-image-62501\" src=\"https:\/\/go4goal.net\/wp-content\/uploads\/2024\/02\/PERFORMANCE.png\" alt=\"\" width=\"800\" height=\"800\" srcset=\"https:\/\/go4goal.net\/wp-content\/uploads\/2024\/02\/PERFORMANCE.png 800w,  https:\/\/go4goal.net\/wp-content\/uploads\/2024\/02\/PERFORMANCE-450x450.png 450w,  https:\/\/go4goal.net\/wp-content\/uploads\/2024\/02\/PERFORMANCE-150x150.png 150w,  https:\/\/go4goal.net\/wp-content\/uploads\/2024\/02\/PERFORMANCE-768x768.png 768w,  https:\/\/go4goal.net\/wp-content\/uploads\/2024\/02\/PERFORMANCE-100x100.png 100w,  https:\/\/go4goal.net\/wp-content\/uploads\/2024\/02\/PERFORMANCE-50x50.png 50w\" sizes=\"(max-width: 800px) 100vw, 800px\" \/><\/p>\t\t\t\t\t<\/div>\n\t\t\t\t\t\t\t\t\t\n\t\t\t<\/a>\n\n\t\n\t\t\t\t\t\t<\/div>\n\t\t\t\t<\/div>\n\t\t\t\t<\/div>\n\t\t<div class=\"elementor-element elementor-element-1d933a55 e-con-full e-flex e-con e-child\" data-id=\"1d933a55\" data-element_type=\"container\" data-e-type=\"container\">\n\t\t\t\t<div class=\"elementor-element elementor-element-c20b4fe elementor-widget elementor-widget-price-table\" data-id=\"c20b4fe\" data-element_type=\"widget\" data-e-type=\"widget\" data-widget_type=\"price-table.default\">\n\t\t\t\t<div class=\"elementor-widget-container\">\n\t\t\t\t\t\n\t\t<div class=\"elementor-price-table\">\n\t\t\t\t\t\t\t<div class=\"elementor-price-table__header\">\n\t\t\t\t\t\t\t\t\t\t\t<h3 class=\"elementor-price-table__heading\">\n\t\t\t\t\t\tSpare mit dem Bundle!\t\t\t\t\t\t<\/h3>\n\t\t\t\t\t\n\t\t\t\t\t\t\t\t\t<\/div>\n\t\t\t\n\t\t\t<div class=\"elementor-price-table__price\">\n\t\t\t\t\t\t\t\t\t\t\t\t\t\t\t\t\t<span class=\"elementor-price-table__integer-part\">\n\t\t\t\t\t\t30,90\t\t\t\t\t<\/span>\n\t\t\t\t\n\t\t\t\t\n\t\t\t\t<span class=\"elementor-price-table__currency\">&#128;<\/span>\n\t\t\t\t\t\t\t\t\t<span class=\"elementor-price-table__period elementor-typo-excluded\">34,80<\/span>\t\t\t\t\t\t\t<\/div>\n\n\t\t\t\t\t\t\t<ul class=\"elementor-price-table__features-list\">\n\t\t\t\t\t\t\t\t\t\t\t<li class=\"elementor-repeater-item-fa4a055\">\n\t\t\t\t\t\t\t<div class=\"elementor-price-table__feature-inner\">\n\t\t\t\t\t\t\t\t<i aria-hidden=\"true\" class=\"far fa-check-circle\"><\/i>\t\t\t\t\t\t\t\t\t\t\t\t\t\t\t\t\t<span >\n\t\t\t\t\t\t\t\t\t\tPerformance Socken\t\t\t\t\t\t\t\t\t<\/span>\n\t\t\t\t\t\t\t\t\t\t\t\t\t\t\t\t<\/div>\n\t\t\t\t\t\t<\/li>\n\t\t\t\t\t\t\t\t\t\t\t<li class=\"elementor-repeater-item-fb2f412\">\n\t\t\t\t\t\t\t<div class=\"elementor-price-table__feature-inner\">\n\t\t\t\t\t\t\t\t<i aria-hidden=\"true\" class=\"far fa-check-circle\"><\/i>\t\t\t\t\t\t\t\t\t\t\t\t\t\t\t\t\t<span >\n\t\t\t\t\t\t\t\t\t\tFu\u00dfball stutzen\t\t\t\t\t\t\t\t\t<\/span>\n\t\t\t\t\t\t\t\t\t\t\t\t\t\t\t\t<\/div>\n\t\t\t\t\t\t<\/li>\n\t\t\t\t\t\t\t\t\t<\/ul>\n\t\t\t\n\t\t\t\t\t<\/div>\n\n\t\t\t\t\t<div class=\"elementor-ribbon elementor-ribbon-left\">\n\t\t\t\t<div class=\"elementor-ribbon-inner\">\n\t\t\t\t\tRABATT!\t\t\t\t<\/div>\n\t\t\t<\/div>\n\t\t\t\t\t\t\t<\/div>\n\t\t\t\t<\/div>\n\t\t\t\t<\/div>\n\t\t\t\t\t<\/div>\n\t\t\t\t<\/div>\n\t\t<div class=\"elementor-element elementor-element-1fc2efb4 e-flex e-con-boxed e-con e-parent\" data-id=\"1fc2efb4\" data-element_type=\"container\" data-e-type=\"container\">\n\t\t\t\t\t<div class=\"e-con-inner\">\n\t\t\t\t<div class=\"elementor-element elementor-element-5bad1184 elementor-widget__width-initial elementor-vertical-align-top elementor-widget elementor-widget-image-box\" data-id=\"5bad1184\" data-element_type=\"widget\" data-e-type=\"widget\" data-widget_type=\"image-box.default\">\n\t\t\t\t<div class=\"elementor-widget-container\">\n\t\t\t\t\t<div class=\"elementor-image-box-wrapper\"><figure class=\"elementor-image-box-img\"><img loading=\"lazy\" decoding=\"async\" width=\"500\" height=\"500\" src=\"https:\/\/go4goal.net\/wp-content\/uploads\/2024\/02\/oeko-tex.png\" class=\"elementor-animation-grow attachment-full size-full wp-image-68853\" alt=\"\" srcset=\"https:\/\/go4goal.net\/wp-content\/uploads\/2024\/02\/oeko-tex.png 500w,  https:\/\/go4goal.net\/wp-content\/uploads\/2024\/02\/oeko-tex-150x150.png 150w,  https:\/\/go4goal.net\/wp-content\/uploads\/2024\/02\/oeko-tex-450x450.png 450w,  https:\/\/go4goal.net\/wp-content\/uploads\/2024\/02\/oeko-tex-100x100.png 100w,  https:\/\/go4goal.net\/wp-content\/uploads\/2024\/02\/oeko-tex-50x50.png 50w\" sizes=\"(max-width: 500px) 100vw, 500px\" \/><\/figure><div class=\"elementor-image-box-content\"><h3 class=\"elementor-image-box-title\">OEKO-TEX\u00ae 100<\/h3><p class=\"elementor-image-box-description\">Unsere Socken sind frei von sch\u00e4dlichen Substanzen, hautfreundlich und umweltbewusst hergestellt.<\/p><\/div><\/div>\t\t\t\t<\/div>\n\t\t\t\t<\/div>\n\t\t\t\t<div class=\"elementor-element elementor-element-2e7dad12 elementor-widget__width-initial elementor-vertical-align-top elementor-widget elementor-widget-image-box\" data-id=\"2e7dad12\" data-element_type=\"widget\" data-e-type=\"widget\" data-widget_type=\"image-box.default\">\n\t\t\t\t<div class=\"elementor-widget-container\">\n\t\t\t\t\t<div class=\"elementor-image-box-wrapper\"><figure class=\"elementor-image-box-img\"><img loading=\"lazy\" decoding=\"async\" width=\"500\" height=\"500\" src=\"https:\/\/go4goal.net\/wp-content\/uploads\/2023\/07\/Europe1.png\" class=\"elementor-animation-grow attachment-full size-full wp-image-46616\" alt=\"\" srcset=\"https:\/\/go4goal.net\/wp-content\/uploads\/2023\/07\/Europe1.png 500w,  https:\/\/go4goal.net\/wp-content\/uploads\/2023\/07\/Europe1-450x450.png 450w,  https:\/\/go4goal.net\/wp-content\/uploads\/2023\/07\/Europe1-150x150.png 150w,  https:\/\/go4goal.net\/wp-content\/uploads\/2023\/07\/Europe1-100x100.png 100w\" sizes=\"(max-width: 500px) 100vw, 500px\" \/><\/figure><div class=\"elementor-image-box-content\"><h3 class=\"elementor-image-box-title\">HERGESTELLT IN EUROPA<\/h3><p class=\"elementor-image-box-description\">Unsere Produkte werden in Zusammenarbeit mit Experten entwickelt und mit modernster Technologie gefertigt \u2013 f\u00fcr herausragende Qualit\u00e4t.<\/p><\/div><\/div>\t\t\t\t<\/div>\n\t\t\t\t<\/div>\n\t\t\t\t<div class=\"elementor-element elementor-element-3043f58c elementor-widget__width-initial elementor-vertical-align-top elementor-widget elementor-widget-image-box\" data-id=\"3043f58c\" data-element_type=\"widget\" data-e-type=\"widget\" data-widget_type=\"image-box.default\">\n\t\t\t\t<div class=\"elementor-widget-container\">\n\t\t\t\t\t<div class=\"elementor-image-box-wrapper\"><figure class=\"elementor-image-box-img\"><img loading=\"lazy\" decoding=\"async\" width=\"500\" height=\"500\" src=\"https:\/\/go4goal.net\/wp-content\/uploads\/2023\/07\/Quality2.png\" class=\"elementor-animation-grow attachment-full size-full wp-image-46620\" alt=\"\" srcset=\"https:\/\/go4goal.net\/wp-content\/uploads\/2023\/07\/Quality2.png 500w,  https:\/\/go4goal.net\/wp-content\/uploads\/2023\/07\/Quality2-450x450.png 450w,  https:\/\/go4goal.net\/wp-content\/uploads\/2023\/07\/Quality2-150x150.png 150w,  https:\/\/go4goal.net\/wp-content\/uploads\/2023\/07\/Quality2-100x100.png 100w\" sizes=\"(max-width: 500px) 100vw, 500px\" \/><\/figure><div class=\"elementor-image-box-content\"><h3 class=\"elementor-image-box-title\">PREMIUM-MATERIALIEN<\/h3><p class=\"elementor-image-box-description\">Wir setzen auf hochmoderne, zertifizierte und umweltfreundliche Materialien \u2013 perfekt f\u00fcr sportliche H\u00f6chstleistungen.<\/p><\/div><\/div>\t\t\t\t<\/div>\n\t\t\t\t<\/div>\n\t\t\t\t\t<\/div>\n\t\t\t\t<\/div>\n\t\t\t\t<\/div>","protected":false},"excerpt":{"rendered":"<p><span style=\"color: #000000;\">Die perfekte Kombination zum Vorteilspreis! &#x1f929; Im Set enthalten: Performance-Sportsocken f\u00fcr maximalen Komfort und perfekten Grip sowie Fu\u00dfballstutzen f\u00fcr optimalen Halt und Stabilit\u00e4t auf dem Spielfeld.<\/span><\/p>","protected":false},"featured_media":68869,"template":"","meta":{"_acf_changed":false,"inline_featured_image":false},"product_brand":[],"product_cat":[205,468,465],"product_tag":[694],"class_list":{"0":"post-68868","1":"product","2":"type-product","3":"status-publish","4":"has-post-thumbnail","6":"product_cat-go4goal-de","7":"product_cat-packages-de","8":"product_cat-socks-de","9":"product_tag-paket","11":"first","12":"instock","13":"sale","14":"featured","15":"shipping-taxable","16":"purchasable","17":"product-type-variable","18":"has-default-attributes"},"acf":[],"_links":{"self":[{"href":"https:\/\/go4goal.net\/de\/wp-json\/wp\/v2\/product\/68868","targetHints":{"allow":["GET"]}}],"collection":[{"href":"https:\/\/go4goal.net\/de\/wp-json\/wp\/v2\/product"}],"about":[{"href":"https:\/\/go4goal.net\/de\/wp-json\/wp\/v2\/types\/product"}],"version-history":[{"count":4,"href":"https:\/\/go4goal.net\/de\/wp-json\/wp\/v2\/product\/68868\/revisions"}],"predecessor-version":[{"id":80617,"href":"https:\/\/go4goal.net\/de\/wp-json\/wp\/v2\/product\/68868\/revisions\/80617"}],"wp:featuredmedia":[{"embeddable":true,"href":"https:\/\/go4goal.net\/de\/wp-json\/wp\/v2\/media\/68869"}],"wp:attachment":[{"href":"https:\/\/go4goal.net\/de\/wp-json\/wp\/v2\/media?parent=68868"}],"wp:term":[{"taxonomy":"product_brand","embeddable":true,"href":"https:\/\/go4goal.net\/de\/wp-json\/wp\/v2\/product_brand?post=68868"},{"taxonomy":"product_cat","embeddable":true,"href":"https:\/\/go4goal.net\/de\/wp-json\/wp\/v2\/product_cat?post=68868"},{"taxonomy":"product_tag","embeddable":true,"href":"https:\/\/go4goal.net\/de\/wp-json\/wp\/v2\/product_tag?post=68868"}],"curies":[{"name":"wp","href":"https:\/\/api.w.org\/{rel}","templated":true}]}}