{"id":71314,"date":"2025-04-28T06:46:33","date_gmt":"2025-04-28T06:46:36","guid":{"rendered":"https:\/\/go4goal.net\/?post_type=product&#038;p=71314"},"modified":"2025-04-28T07:04:36","modified_gmt":"2025-04-28T07:04:36","slug":"rooted-in-play-t-shirt-kopija","status":"publish","type":"product","link":"https:\/\/go4goal.net\/de\/izdelek\/rooted-in-play-t-shirt-kopija\/","title":{"rendered":"Geschenk &#8211; ROOTED IN PLAY T-Shirt"},"content":{"rendered":"<div data-elementor-type=\"product-post\" data-elementor-id=\"71314\" class=\"elementor elementor-71314 elementor-71310\" data-elementor-post-type=\"product\">\n\t\t\t\t<div class=\"elementor-element elementor-element-1a29638f e-flex e-con-boxed e-con e-parent\" data-id=\"1a29638f\" data-element_type=\"container\" data-e-type=\"container\">\n\t\t\t\t\t<div class=\"e-con-inner\">\n\t\t<div class=\"elementor-element elementor-element-3d64944a e-con-full e-flex e-con e-child\" data-id=\"3d64944a\" data-element_type=\"container\" data-e-type=\"container\">\n\t\t\t\t<div class=\"elementor-element elementor-element-4a2c0c5c elementor-widget elementor-widget-image\" data-id=\"4a2c0c5c\" data-element_type=\"widget\" data-e-type=\"widget\" data-widget_type=\"image.default\">\n\t\t\t\t<div class=\"elementor-widget-container\">\n\t\t\t\t\t\t\t\t\t\t\t\t\t\t\t<img fetchpriority=\"high\" decoding=\"async\" width=\"1024\" height=\"1536\" src=\"https:\/\/go4goal.net\/wp-content\/uploads\/2025\/04\/dizajn-na-majici2-1.jpg\" class=\"attachment-full size-full wp-image-71094\" alt=\"\" srcset=\"https:\/\/go4goal.net\/wp-content\/uploads\/2025\/04\/dizajn-na-majici2-1.jpg 1024w,  https:\/\/go4goal.net\/wp-content\/uploads\/2025\/04\/dizajn-na-majici2-1-300x450.jpg 300w,  https:\/\/go4goal.net\/wp-content\/uploads\/2025\/04\/dizajn-na-majici2-1-683x1024.jpg 683w,  https:\/\/go4goal.net\/wp-content\/uploads\/2025\/04\/dizajn-na-majici2-1-768x1152.jpg 768w,  https:\/\/go4goal.net\/wp-content\/uploads\/2025\/04\/dizajn-na-majici2-1-60x90.jpg 60w,  https:\/\/go4goal.net\/wp-content\/uploads\/2025\/04\/dizajn-na-majici2-1-1000x1500.jpg 1000w\" sizes=\"(max-width: 1024px) 100vw, 1024px\" \/>\t\t\t\t\t\t\t\t\t\t\t\t\t\t\t<\/div>\n\t\t\t\t<\/div>\n\t\t\t\t<\/div>\n\t\t<div class=\"elementor-element elementor-element-22db9a3e e-con-full e-flex e-con e-child\" data-id=\"22db9a3e\" data-element_type=\"container\" data-e-type=\"container\">\n\t\t\t\t<div class=\"elementor-element elementor-element-20cc356 elementor-widget elementor-widget-text-editor\" data-id=\"20cc356\" data-element_type=\"widget\" data-e-type=\"widget\" data-widget_type=\"text-editor.default\">\n\t\t\t\t<div class=\"elementor-widget-container\">\n\t\t\t\t\t\t\t\t\t<p><strong><img decoding=\"async\" class=\"emoji\" role=\"img\" draggable=\"false\" src=\"https:\/\/s.w.org\/images\/core\/emoji\/15.1.0\/svg\/2705.svg\" alt=\"\u2705\" \/> WE ALL STARTED HERE<\/strong> \u2013 das ist es, was uns verbindet.<br data-start=\"188\" data-end=\"191\" \/>Denn wir alle haben am selben Ort unsere Reise gestartet.<\/p><p><strong><img decoding=\"async\" class=\"emoji\" role=\"img\" draggable=\"false\" src=\"https:\/\/s.w.org\/images\/core\/emoji\/15.1.0\/svg\/2705.svg\" alt=\"\u2705\" \/> ROOTED IN PLAY<\/strong> erinnert uns daran, dass wahre St\u00e4rke aus ehrlichem Spiel kommt \u2013 aus dem Herzen.<\/p><p>Das hier ist mehr als nur ein Kleidungsst\u00fcck. Es ist ein Symbol des Stolzes. Eine Verbindung. Eine Botschaft, die sagt:<em> Ich habe gespielt. Ich habe getr\u00e4umt. Und ich habe nie vergessen, woher ich komme.<\/em><\/p>\t\t\t\t\t\t\t\t<\/div>\n\t\t\t\t<\/div>\n\t\t\t\t<\/div>\n\t\t\t\t\t<\/div>\n\t\t\t\t<\/div>\n\t\t<div class=\"elementor-element elementor-element-29d75f16 e-con-full e-flex e-con e-parent\" data-id=\"29d75f16\" data-element_type=\"container\" data-e-type=\"container\">\n\t\t<div class=\"elementor-element elementor-element-6666388e e-con-full e-flex e-con e-child\" data-id=\"6666388e\" data-element_type=\"container\" data-e-type=\"container\">\n\t\t\t\t<div class=\"elementor-element elementor-element-69e2c14a elementor-widget elementor-widget-text-editor\" data-id=\"69e2c14a\" data-element_type=\"widget\" data-e-type=\"widget\" data-widget_type=\"text-editor.default\">\n\t\t\t\t<div class=\"elementor-widget-container\">\n\t\t\t\t\t\t\t\t\t<p>Welche Gr\u00f6\u00dfe ist die richtige f\u00fcr dich?<\/p>\t\t\t\t\t\t\t\t<\/div>\n\t\t\t\t<\/div>\n\t\t\t\t<\/div>\n\t\t\t\t<div class=\"elementor-element elementor-element-28771db elementor-widget elementor-widget-image\" data-id=\"28771db\" data-element_type=\"widget\" data-e-type=\"widget\" data-widget_type=\"image.default\">\n\t\t\t\t<div class=\"elementor-widget-container\">\n\t\t\t\t\t\t\t\t\t\t\t\t\t\t\t<img decoding=\"async\" width=\"768\" height=\"151\" src=\"https:\/\/go4goal.net\/wp-content\/uploads\/2025\/04\/MERA-MAJICE-ORIGINAL-2-768x151.png\" class=\"attachment-medium_large size-medium_large wp-image-71104\" alt=\"\" srcset=\"https:\/\/go4goal.net\/wp-content\/uploads\/2025\/04\/MERA-MAJICE-ORIGINAL-2-768x151.png 768w,  https:\/\/go4goal.net\/wp-content\/uploads\/2025\/04\/MERA-MAJICE-ORIGINAL-2-450x88.png 450w,  https:\/\/go4goal.net\/wp-content\/uploads\/2025\/04\/MERA-MAJICE-ORIGINAL-2-60x12.png 60w,  https:\/\/go4goal.net\/wp-content\/uploads\/2025\/04\/MERA-MAJICE-ORIGINAL-2-1000x196.png 1000w,  https:\/\/go4goal.net\/wp-content\/uploads\/2025\/04\/MERA-MAJICE-ORIGINAL-2.png 1018w\" sizes=\"(max-width: 768px) 100vw, 768px\" \/>\t\t\t\t\t\t\t\t\t\t\t\t\t\t\t<\/div>\n\t\t\t\t<\/div>\n\t\t\t\t<\/div>\n\t\t\t\t<\/div>","protected":false},"excerpt":{"rendered":"<p><span style=\"color: #000000;\">Das ist mehr als nur ein Kleidungsst\u00fcck \u2013 es ist eine Geschichte, die du tr\u00e4gst. Eine Erinnerung an die unbeschwerten Tage, an denen wir einfach gespielt haben \u2013 ohne Regeln, aber mit ganzem Herzen. &#x1f5a4;<\/span><\/p>\n<p><span style=\"color: #000000;\">&#x2705; Bequemer Oversized-Schnitt mit liebevollen Details.<\/span><br data-start=\"440\" data-end=\"443\" \/><span style=\"color: #000000;\">&#x2705; 100% gek\u00e4mmte Baumwolle \u2013 besonders weich, atmungsaktiv und langlebig.<\/span><br data-start=\"515\" data-end=\"518\" \/><span style=\"color: #000000;\">&#x2705; OEKO-TEX\u00ae Standard 100 \u2013 hautfreundlich und frei von sch\u00e4dlichen Stoffen.<\/span><br data-start=\"592\" data-end=\"595\" \/><span style=\"color: #000000;\">&#x2705; Unisex \u2013 passt jedem, unabh\u00e4ngig vom Geschlecht.<\/span><\/p>","protected":false},"featured_media":70975,"template":"","meta":{"_acf_changed":false,"inline_featured_image":false},"product_brand":[],"product_cat":[471],"product_tag":[],"class_list":{"0":"post-71314","1":"product","2":"type-product","3":"status-publish","4":"has-post-thumbnail","6":"product_cat-thirts-de","8":"first","9":"instock","10":"shipping-taxable","11":"purchasable","12":"product-type-variable","13":"has-default-attributes"},"acf":[],"_links":{"self":[{"href":"https:\/\/go4goal.net\/de\/wp-json\/wp\/v2\/product\/71314","targetHints":{"allow":["GET"]}}],"collection":[{"href":"https:\/\/go4goal.net\/de\/wp-json\/wp\/v2\/product"}],"about":[{"href":"https:\/\/go4goal.net\/de\/wp-json\/wp\/v2\/types\/product"}],"version-history":[{"count":0,"href":"https:\/\/go4goal.net\/de\/wp-json\/wp\/v2\/product\/71314\/revisions"}],"wp:featuredmedia":[{"embeddable":true,"href":"https:\/\/go4goal.net\/de\/wp-json\/wp\/v2\/media\/70975"}],"wp:attachment":[{"href":"https:\/\/go4goal.net\/de\/wp-json\/wp\/v2\/media?parent=71314"}],"wp:term":[{"taxonomy":"product_brand","embeddable":true,"href":"https:\/\/go4goal.net\/de\/wp-json\/wp\/v2\/product_brand?post=71314"},{"taxonomy":"product_cat","embeddable":true,"href":"https:\/\/go4goal.net\/de\/wp-json\/wp\/v2\/product_cat?post=71314"},{"taxonomy":"product_tag","embeddable":true,"href":"https:\/\/go4goal.net\/de\/wp-json\/wp\/v2\/product_tag?post=71314"}],"curies":[{"name":"wp","href":"https:\/\/api.w.org\/{rel}","templated":true}]}}