{"id":72156,"date":"2025-06-09T06:12:03","date_gmt":"2025-06-09T06:12:03","guid":{"rendered":"https:\/\/go4goal.net\/?post_type=product&#038;p=72156"},"modified":"2025-12-28T15:19:16","modified_gmt":"2025-12-28T13:19:16","slug":"hyrox-alen-ploj","status":"publish","type":"product","link":"https:\/\/go4goal.net\/de\/izdelek\/hyrox-alen-ploj\/","title":{"rendered":"HYROX \u2013 ALEN PLOJ"},"content":{"rendered":"<div data-elementor-type=\"wp-post\" data-elementor-id=\"72156\" class=\"elementor elementor-72156 elementor-72145\" data-elementor-post-type=\"product\">\n\t\t\t\t<div class=\"elementor-element elementor-element-19d7641 e-flex e-con-boxed e-con e-parent\" data-id=\"19d7641\" data-element_type=\"container\" data-e-type=\"container\">\n\t\t\t\t\t<div class=\"e-con-inner\">\n\t\t<div class=\"elementor-element elementor-element-cca8f57 e-con-full e-flex e-con e-child\" data-id=\"cca8f57\" data-element_type=\"container\" data-e-type=\"container\" data-settings=\"{&quot;background_background&quot;:&quot;classic&quot;}\">\n\t\t\t\t<div class=\"elementor-element elementor-element-726b9b4 elementor-widget__width-initial elementor-widget-mobile__width-initial elementor-absolute elementor-widget elementor-widget-text-editor\" data-id=\"726b9b4\" data-element_type=\"widget\" data-e-type=\"widget\" data-settings=\"{&quot;_animation&quot;:&quot;none&quot;,&quot;_animation_delay&quot;:500,&quot;_position&quot;:&quot;absolute&quot;}\" data-widget_type=\"text-editor.default\">\n\t\t\t\t<div class=\"elementor-widget-container\">\n\t\t\t\t\t\t\t\t\t<div class=\"flex max-w-full flex-col flex-grow\"><div class=\"min-h-8 text-message flex w-full flex-col items-end gap-2 whitespace-normal break-words [.text-message+&amp;]:mt-5\" dir=\"auto\" data-message-author-role=\"assistant\" data-message-id=\"d7567c72-0e10-4cb1-91ff-e79be189449f\" data-message-model-slug=\"gpt-4o\"><div class=\"flex w-full flex-col gap-1 empty:hidden first:pt-[3px]\"><div class=\"markdown prose w-full break-words dark:prose-invert dark\"><p>Hohe Stabilit\u00e4t im Schuh<\/p><p>Extra Reaktionsf\u00e4higkeit<\/p><\/div><\/div><\/div><\/div>\t\t\t\t\t\t\t\t<\/div>\n\t\t\t\t<\/div>\n\t\t\t\t<div class=\"elementor-element elementor-element-1614735 elementor-widget__width-initial elementor-widget-mobile__width-initial elementor-absolute elementor-widget-tablet__width-initial elementor-widget elementor-widget-text-editor\" data-id=\"1614735\" data-element_type=\"widget\" data-e-type=\"widget\" data-settings=\"{&quot;_animation&quot;:&quot;none&quot;,&quot;_animation_delay&quot;:500,&quot;_position&quot;:&quot;absolute&quot;}\" data-widget_type=\"text-editor.default\">\n\t\t\t\t<div class=\"elementor-widget-container\">\n\t\t\t\t\t\t\t\t\t<p data-start=\"2783\" data-end=\"3012\">ALEN PLOJ: \u201cIch benutze die Performance-Socken haupts\u00e4chlich zum Laufen, weil sie mir hervorragende Stabilit\u00e4t im Laufschuh geben und nicht zu dick sind. Bei h\u00f6herem Tempo sorgen sie f\u00fcr zus\u00e4tzlichen Grip und Reaktionsf\u00e4higkeit \u2013 das macht wirklich einen Unterschied.\u201d<\/p>\t\t\t\t\t\t\t\t<\/div>\n\t\t\t\t<\/div>\n\t\t\t\t<\/div>\n\t\t<div class=\"elementor-element elementor-element-a4bc7f8 e-con-full e-flex e-con e-child\" data-id=\"a4bc7f8\" data-element_type=\"container\" data-e-type=\"container\" data-settings=\"{&quot;background_background&quot;:&quot;classic&quot;}\">\n\t\t\t\t<div class=\"elementor-element elementor-element-e77656a sliderelement elementor-absolute elementor-widget__width-inherit elementor-widget-mobile__width-inherit elementor-widget elementor-widget-heading\" data-id=\"e77656a\" data-element_type=\"widget\" data-e-type=\"widget\" data-settings=\"{&quot;_animation&quot;:&quot;none&quot;,&quot;_position&quot;:&quot;absolute&quot;}\" data-widget_type=\"heading.default\">\n\t\t\t\t<div class=\"elementor-widget-container\">\n\t\t\t\t\t<h2 class=\"elementor-heading-title elementor-size-default\">GRIP<\/h2>\t\t\t\t<\/div>\n\t\t\t\t<\/div>\n\t\t\t\t<div class=\"elementor-element elementor-element-df28593 sliderelement elementor-absolute elementor-widget__width-inherit elementor-widget-mobile__width-inherit elementor-widget elementor-widget-heading\" data-id=\"df28593\" data-element_type=\"widget\" data-e-type=\"widget\" data-settings=\"{&quot;_animation&quot;:&quot;none&quot;,&quot;_position&quot;:&quot;absolute&quot;}\" data-widget_type=\"heading.default\">\n\t\t\t\t<div class=\"elementor-widget-container\">\n\t\t\t\t\t<h2 class=\"elementor-heading-title elementor-size-default\">Trainiere ohne Kompromisse<\/h2>\t\t\t\t<\/div>\n\t\t\t\t<\/div>\n\t\t\t\t<div class=\"elementor-element elementor-element-5d2a28c sliderelement elementor-absolute elementor-widget__width-inherit elementor-widget elementor-widget-heading\" data-id=\"5d2a28c\" data-element_type=\"widget\" data-e-type=\"widget\" data-settings=\"{&quot;_animation&quot;:&quot;none&quot;,&quot;_position&quot;:&quot;absolute&quot;}\" data-widget_type=\"heading.default\">\n\t\t\t\t<div class=\"elementor-widget-container\">\n\t\t\t\t\t<h2 class=\"elementor-heading-title elementor-size-default\">PERFORMANCE<\/h2>\t\t\t\t<\/div>\n\t\t\t\t<\/div>\n\t\t\t\t<div class=\"elementor-element elementor-element-946ca62 sliderelement elementor-absolute elementor-widget__width-inherit elementor-widget elementor-widget-heading\" data-id=\"946ca62\" data-element_type=\"widget\" data-e-type=\"widget\" data-settings=\"{&quot;_animation&quot;:&quot;none&quot;,&quot;_position&quot;:&quot;absolute&quot;}\" data-widget_type=\"heading.default\">\n\t\t\t\t<div class=\"elementor-widget-container\">\n\t\t\t\t\t<h2 class=\"elementor-heading-title elementor-size-default\">F\u00fcr Schnelligkeit und Pr\u00e4zision<\/h2>\t\t\t\t<\/div>\n\t\t\t\t<\/div>\n\t\t\t\t<div class=\"elementor-element elementor-element-5436cb3 elementor-widget__width-initial elementor-widget-mobile__width-initial elementor-absolute elementor-widget elementor-widget-text-editor\" data-id=\"5436cb3\" data-element_type=\"widget\" data-e-type=\"widget\" data-settings=\"{&quot;_animation&quot;:&quot;none&quot;,&quot;_animation_delay&quot;:500,&quot;_position&quot;:&quot;absolute&quot;}\" data-widget_type=\"text-editor.default\">\n\t\t\t\t<div class=\"elementor-widget-container\">\n\t\t\t\t\t\t\t\t\t<div class=\"flex max-w-full flex-col flex-grow\"><div class=\"min-h-8 text-message flex w-full flex-col items-end gap-2 whitespace-normal break-words [.text-message+&amp;]:mt-5\" dir=\"auto\" data-message-author-role=\"assistant\" data-message-id=\"d7567c72-0e10-4cb1-91ff-e79be189449f\" data-message-model-slug=\"gpt-4o\"><div class=\"flex w-full flex-col gap-1 empty:hidden first:pt-[3px]\"><div class=\"markdown prose w-full break-words dark:prose-invert dark\"><p>Perfekt f\u00fcr HYROX und Fitness<\/p><p>Schutz vor Blasen<\/p><\/div><\/div><\/div><\/div>\t\t\t\t\t\t\t\t<\/div>\n\t\t\t\t<\/div>\n\t\t\t\t<div class=\"elementor-element elementor-element-ebaa685 elementor-widget__width-initial elementor-widget-mobile__width-initial elementor-absolute elementor-widget-tablet__width-initial elementor-widget elementor-widget-text-editor\" data-id=\"ebaa685\" data-element_type=\"widget\" data-e-type=\"widget\" data-settings=\"{&quot;_animation&quot;:&quot;none&quot;,&quot;_animation_delay&quot;:500,&quot;_position&quot;:&quot;absolute&quot;}\" data-widget_type=\"text-editor.default\">\n\t\t\t\t<div class=\"elementor-widget-container\">\n\t\t\t\t\t\t\t\t\t<p data-start=\"3014\" data-end=\"3269\">ALEN PLOJ: \u201cIch verwende die Grip-Socken f\u00fcrs Fitnesstraining und f\u00fcr HYROX-Workouts, weil sie perfekt in meinen Trainingsschuh passen. Bei den intensiven Bewegungen k\u00f6nnten schnell Blasen entstehen \u2013 aber diese Socken sch\u00fctzen meine F\u00fc\u00dfe zuverl\u00e4ssig.\u201d<\/p>\t\t\t\t\t\t\t\t<\/div>\n\t\t\t\t<\/div>\n\t\t\t\t<\/div>\n\t\t\t\t\t<\/div>\n\t\t\t\t<\/div>\n\t\t\t\t<\/div>","protected":false},"excerpt":{"rendered":"<p>Getestet und empfohlen von einem der besten <strong>HYROX PRO<\/strong> Athleten der Welt.<\/p>\n<p>Im Paket \u27a1\ufe0f 1x Grip\/Crew + 1x Performance<\/p>","protected":false},"featured_media":75188,"template":"","meta":{"_acf_changed":false,"inline_featured_image":false},"product_brand":[],"product_cat":[465],"product_tag":[697],"class_list":{"0":"post-72156","1":"product","2":"type-product","3":"status-publish","4":"has-post-thumbnail","6":"product_cat-socks-de","7":"product_tag-crew","9":"first","10":"instock","11":"sale","12":"featured","13":"shipping-taxable","14":"purchasable","15":"product-type-variable","16":"has-default-attributes"},"acf":[],"_links":{"self":[{"href":"https:\/\/go4goal.net\/de\/wp-json\/wp\/v2\/product\/72156","targetHints":{"allow":["GET"]}}],"collection":[{"href":"https:\/\/go4goal.net\/de\/wp-json\/wp\/v2\/product"}],"about":[{"href":"https:\/\/go4goal.net\/de\/wp-json\/wp\/v2\/types\/product"}],"version-history":[{"count":14,"href":"https:\/\/go4goal.net\/de\/wp-json\/wp\/v2\/product\/72156\/revisions"}],"predecessor-version":[{"id":78911,"href":"https:\/\/go4goal.net\/de\/wp-json\/wp\/v2\/product\/72156\/revisions\/78911"}],"wp:featuredmedia":[{"embeddable":true,"href":"https:\/\/go4goal.net\/de\/wp-json\/wp\/v2\/media\/75188"}],"wp:attachment":[{"href":"https:\/\/go4goal.net\/de\/wp-json\/wp\/v2\/media?parent=72156"}],"wp:term":[{"taxonomy":"product_brand","embeddable":true,"href":"https:\/\/go4goal.net\/de\/wp-json\/wp\/v2\/product_brand?post=72156"},{"taxonomy":"product_cat","embeddable":true,"href":"https:\/\/go4goal.net\/de\/wp-json\/wp\/v2\/product_cat?post=72156"},{"taxonomy":"product_tag","embeddable":true,"href":"https:\/\/go4goal.net\/de\/wp-json\/wp\/v2\/product_tag?post=72156"}],"curies":[{"name":"wp","href":"https:\/\/api.w.org\/{rel}","templated":true}]}}