{"id":29654,"date":"2021-05-03T07:44:41","date_gmt":"2021-05-03T07:44:41","guid":{"rendered":"https:\/\/go4goal.net\/?page_id=29654"},"modified":"2025-01-09T08:54:30","modified_gmt":"2025-01-09T08:54:30","slug":"returns-and-exchanges","status":"publish","type":"page","link":"https:\/\/go4goal.net\/en\/returns-and-exchanges\/","title":{"rendered":"Returns and Exchanges"},"content":{"rendered":"<div data-elementor-type=\"wp-page\" data-elementor-id=\"29654\" class=\"elementor elementor-29654 elementor-17496\" data-elementor-post-type=\"page\">\n\t\t\t\t\t\t<section class=\"elementor-section elementor-top-section elementor-element elementor-element-68e2abc0 elementor-section-boxed elementor-section-height-default elementor-section-height-default\" data-id=\"68e2abc0\" data-element_type=\"section\" data-e-type=\"section\">\n\t\t\t\t\t\t<div class=\"elementor-container elementor-column-gap-default\">\n\t\t\t\t\t<div class=\"elementor-column elementor-col-100 elementor-top-column elementor-element elementor-element-18eea174\" data-id=\"18eea174\" data-element_type=\"column\" data-e-type=\"column\">\n\t\t\t<div class=\"elementor-widget-wrap elementor-element-populated\">\n\t\t\t\t\t\t<div class=\"elementor-element elementor-element-4f01867 elementor-widget elementor-widget-heading\" data-id=\"4f01867\" data-element_type=\"widget\" data-e-type=\"widget\" data-widget_type=\"heading.default\">\n\t\t\t\t<div class=\"elementor-widget-container\">\n\t\t\t\t\t<h2 class=\"elementor-heading-title elementor-size-default\">RETURNS<\/h2>\t\t\t\t<\/div>\n\t\t\t\t<\/div>\n\t\t\t\t\t<\/div>\n\t\t<\/div>\n\t\t\t\t\t<\/div>\n\t\t<\/section>\n\t\t\t\t<section class=\"elementor-section elementor-top-section elementor-element elementor-element-4a413e1 elementor-section-boxed elementor-section-height-default elementor-section-height-default\" data-id=\"4a413e1\" data-element_type=\"section\" data-e-type=\"section\">\n\t\t\t\t\t\t<div class=\"elementor-container elementor-column-gap-default\">\n\t\t\t\t\t<div class=\"elementor-column elementor-col-100 elementor-top-column elementor-element elementor-element-1ed17c7\" data-id=\"1ed17c7\" data-element_type=\"column\" data-e-type=\"column\">\n\t\t\t<div class=\"elementor-widget-wrap elementor-element-populated\">\n\t\t\t\t\t\t<div class=\"elementor-element elementor-element-2239d6e elementor-widget elementor-widget-text-editor\" data-id=\"2239d6e\" data-element_type=\"widget\" data-e-type=\"widget\" data-widget_type=\"text-editor.default\">\n\t\t\t\t<div class=\"elementor-widget-container\">\n\t\t\t\t\t\t\t\t\t<p>Sometimes, when shopping in an online store, it can happen that a certain product does not fit or meet your expectations. You can return the ordered products without stating a reason within 14 days after receiving the product. You have the option to choose a new product or we can reimburse your payment. If you decide to choose a new product and a new product is more expensive than the previous one, the buyer has to pay the price difference.<\/p><h3>1. Inform us<\/h3><p>When you receive the package and you are not satisfied with the product for any reason and you wish to return it, please inform us within 14 days of receiving a product. You can contact us via e-mail: info@go4goal.net.<\/p><h3>2. Fill out the form and appropriately pack the package<\/h3><p>Product return form has to be completed and the product has to be appropriately packaged. The returned product has to be packed in the original packaging, with original labels, undamaged and unused. The original invoice has to be attached. Also, the product should be packed in additional protective packaging that will protect the original packaging (e.g. cardboard box). Please send the package to: GO4GOAL d.o.o., Ulica \u0160tefana Kova\u010da 61A, 9224 Turni\u0161\u010de, Slovenia.<\/p><h3>3. Do not worry about costs<\/h3><p>Postage for returning the product is free. Because we want our customers to be as satisfied as possible and receive the products that they truly want, the cost of sending the returned products is covered by GO4GOAL d.o.o.. If you wish for us to cover the costs of return, send us an e-mail to info@go4goal.net, so we can agree on the collection of package at the chosen address.<\/p><h3>4. Replacement of the product or a refund<\/h3><p>After the package is delivered to the address of the company GO4GOAL d.o.o., the product is inspected regarding possible irregularities or damages. The buyer can choose to be reimbursed or to be sent a new product. You will receive the new product or reimbursement within 10 business days.<\/p><p>You can find the product return form <a href=\"https:\/\/go4goal.net\/wp-content\/uploads\/2021\/05\/Product-return-form.pdf\" target=\"_blank\" rel=\"noopener\">here<\/a>.<\/p>\t\t\t\t\t\t\t\t<\/div>\n\t\t\t\t<\/div>\n\t\t\t\t\t<\/div>\n\t\t<\/div>\n\t\t\t\t\t<\/div>\n\t\t<\/section>\n\t\t\t\t<section class=\"elementor-section elementor-top-section elementor-element elementor-element-3002f6f4 elementor-section-boxed elementor-section-height-default elementor-section-height-default\" data-id=\"3002f6f4\" data-element_type=\"section\" data-e-type=\"section\">\n\t\t\t\t\t\t<div class=\"elementor-container elementor-column-gap-default\">\n\t\t\t\t\t<div class=\"elementor-column elementor-col-100 elementor-top-column elementor-element elementor-element-1058a257\" data-id=\"1058a257\" data-element_type=\"column\" data-e-type=\"column\">\n\t\t\t<div class=\"elementor-widget-wrap elementor-element-populated\">\n\t\t\t\t\t\t<div class=\"elementor-element elementor-element-701bbd8d btn-style-1 font-second elementor-align-center elementor-widget elementor-widget-button\" data-id=\"701bbd8d\" data-element_type=\"widget\" data-e-type=\"widget\" data-widget_type=\"button.default\">\n\t\t\t\t<div class=\"elementor-widget-container\">\n\t\t\t\t\t\t\t\t\t<div class=\"elementor-button-wrapper\">\n\t\t\t\t\t<a class=\"elementor-button elementor-button-link elementor-size-md\" href=\"https:\/\/go4goal.net\/en\/\">\n\t\t\t\t\t\t<span class=\"elementor-button-content-wrapper\">\n\t\t\t\t\t\t\t\t\t<span class=\"elementor-button-text\">BACK<\/span>\n\t\t\t\t\t<\/span>\n\t\t\t\t\t<\/a>\n\t\t\t\t<\/div>\n\t\t\t\t\t\t\t\t<\/div>\n\t\t\t\t<\/div>\n\t\t\t\t\t<\/div>\n\t\t<\/div>\n\t\t\t\t\t<\/div>\n\t\t<\/section>\n\t\t\t\t<\/div>","protected":false},"excerpt":{"rendered":"<p>RETURNS Sometimes, when shopping in an online store, it can happen that a certain product does not fit or meet your expectations. You can return the ordered products without stating a reason within 14 days after receiving the product. You have the option to choose a new product or we can reimburse your payment. If [&hellip;]<\/p>","protected":false},"author":1,"featured_media":0,"parent":0,"menu_order":0,"comment_status":"closed","ping_status":"closed","template":"","meta":{"_acf_changed":false,"inline_featured_image":false,"footnotes":""},"class_list":["post-29654","page","type-page","status-publish","hentry"],"acf":[],"_links":{"self":[{"href":"https:\/\/go4goal.net\/en\/wp-json\/wp\/v2\/pages\/29654","targetHints":{"allow":["GET"]}}],"collection":[{"href":"https:\/\/go4goal.net\/en\/wp-json\/wp\/v2\/pages"}],"about":[{"href":"https:\/\/go4goal.net\/en\/wp-json\/wp\/v2\/types\/page"}],"author":[{"embeddable":true,"href":"https:\/\/go4goal.net\/en\/wp-json\/wp\/v2\/users\/1"}],"replies":[{"embeddable":true,"href":"https:\/\/go4goal.net\/en\/wp-json\/wp\/v2\/comments?post=29654"}],"version-history":[{"count":0,"href":"https:\/\/go4goal.net\/en\/wp-json\/wp\/v2\/pages\/29654\/revisions"}],"wp:attachment":[{"href":"https:\/\/go4goal.net\/en\/wp-json\/wp\/v2\/media?parent=29654"}],"curies":[{"name":"wp","href":"https:\/\/api.w.org\/{rel}","templated":true}]}}