{"id":29754,"date":"2021-05-03T08:29:08","date_gmt":"2021-05-03T08:29:08","guid":{"rendered":"https:\/\/go4goal.net\/?page_id=29754"},"modified":"2025-01-09T08:54:26","modified_gmt":"2025-01-09T08:54:26","slug":"complains","status":"publish","type":"page","link":"https:\/\/go4goal.net\/en\/complains\/","title":{"rendered":"COMPLAINS"},"content":{"rendered":"<div data-elementor-type=\"wp-page\" data-elementor-id=\"29754\" class=\"elementor elementor-29754 elementor-17501\" data-elementor-post-type=\"page\">\n\t\t\t\t\t\t<section class=\"elementor-section elementor-top-section elementor-element elementor-element-62328fbf elementor-section-boxed elementor-section-height-default elementor-section-height-default\" data-id=\"62328fbf\" data-element_type=\"section\" data-e-type=\"section\">\n\t\t\t\t\t\t<div class=\"elementor-container elementor-column-gap-default\">\n\t\t\t\t\t<div class=\"elementor-column elementor-col-100 elementor-top-column elementor-element elementor-element-5912fdd8\" data-id=\"5912fdd8\" data-element_type=\"column\" data-e-type=\"column\">\n\t\t\t<div class=\"elementor-widget-wrap elementor-element-populated\">\n\t\t\t\t\t\t<div class=\"elementor-element elementor-element-1f849a9 elementor-widget elementor-widget-heading\" data-id=\"1f849a9\" data-element_type=\"widget\" data-e-type=\"widget\" data-widget_type=\"heading.default\">\n\t\t\t\t<div class=\"elementor-widget-container\">\n\t\t\t\t\t<h2 class=\"elementor-heading-title elementor-size-default\">COMPLAINS<\/h2>\t\t\t\t<\/div>\n\t\t\t\t<\/div>\n\t\t\t\t\t<\/div>\n\t\t<\/div>\n\t\t\t\t\t<\/div>\n\t\t<\/section>\n\t\t\t\t<section class=\"elementor-section elementor-top-section elementor-element elementor-element-602dd14 elementor-section-boxed elementor-section-height-default elementor-section-height-default\" data-id=\"602dd14\" data-element_type=\"section\" data-e-type=\"section\">\n\t\t\t\t\t\t<div class=\"elementor-container elementor-column-gap-default\">\n\t\t\t\t\t<div class=\"elementor-column elementor-col-100 elementor-top-column elementor-element elementor-element-ffe0938\" data-id=\"ffe0938\" data-element_type=\"column\" data-e-type=\"column\">\n\t\t\t<div class=\"elementor-widget-wrap elementor-element-populated\">\n\t\t\t\t\t\t<div class=\"elementor-element elementor-element-f85b12c elementor-widget elementor-widget-text-editor\" data-id=\"f85b12c\" data-element_type=\"widget\" data-e-type=\"widget\" data-widget_type=\"text-editor.default\">\n\t\t\t\t<div class=\"elementor-widget-container\">\n\t\t\t\t\t\t\t\t\t<p>At GO4GOAL d.o.o., we are proud to present and market our own GO4GOAL brand, where you can find only the highest quality of products. Nevertheless, it sometimes happens that the ordered product is damaged or has a manufacturing defect. We want to resolve this quickly and in accordance with your expectations.<\/p><h3>1. Before you file a complaint<\/h3><p>The complaint will be automatically rejected if:<\/p><p>you submit your product without an invoice or a complaint record form,<br \/>if you don\u2019t file a complaint as soon as you identify a damage or a defect on the product and continue to use the product,<br \/>the damage occurred due to improper use of the product.<\/p><h3>2. Fill out the complaint record form and return the product<\/h3><p>Fill out the complaint form in its entirety and enclose it with the product that you wish to return.<\/p><p>Send the damaged product or the product with a defect to: GO4GOAL d.o.o., Ulica \u0160tefana Kova\u010da 61A, 9224 Turni\u0161\u010de, Slovenia<\/p><p>Shipping costs are the responsibility of the buyer.<\/p><h3>3. Inspection of the product<\/h3><p>Upon returning to our company\u2019s address, the product will be properly, expertly inspected , because it often happens that the product was damaged due to negligence. We will respond to the received complaint form within 8 days.<\/p><h3>4. Accepted or rejected complaint<\/h3><p>Whether the complaint is accepted or rejected, we will notify you 14-30 days after receiving the complaint.<\/p><p>In the event of an approved complaint, the buyer can choose a new product. If the new product is more expensive that the returned one, the buyer has to pay the price difference.<\/p><p>You can find the complaint form <a href=\"https:\/\/go4goal.net\/wp-content\/uploads\/2021\/05\/Complaint-record-form.pdf\">here<\/a>.<\/p><p>If you have any additional questions, we are available to you through our customer support center:<\/p><p>E: info@go4goal.net<br \/>P: +386 (0)31 334 017<\/p>\t\t\t\t\t\t\t\t<\/div>\n\t\t\t\t<\/div>\n\t\t\t\t\t<\/div>\n\t\t<\/div>\n\t\t\t\t\t<\/div>\n\t\t<\/section>\n\t\t\t\t<section class=\"elementor-section elementor-top-section elementor-element elementor-element-7abe3418 elementor-section-boxed elementor-section-height-default elementor-section-height-default\" data-id=\"7abe3418\" data-element_type=\"section\" data-e-type=\"section\">\n\t\t\t\t\t\t<div class=\"elementor-container elementor-column-gap-default\">\n\t\t\t\t\t<div class=\"elementor-column elementor-col-100 elementor-top-column elementor-element elementor-element-65621f68\" data-id=\"65621f68\" data-element_type=\"column\" data-e-type=\"column\">\n\t\t\t<div class=\"elementor-widget-wrap elementor-element-populated\">\n\t\t\t\t\t\t<div class=\"elementor-element elementor-element-348ea581 btn-style-1 font-second elementor-align-center elementor-widget elementor-widget-button\" data-id=\"348ea581\" data-element_type=\"widget\" data-e-type=\"widget\" data-widget_type=\"button.default\">\n\t\t\t\t<div class=\"elementor-widget-container\">\n\t\t\t\t\t\t\t\t\t<div class=\"elementor-button-wrapper\">\n\t\t\t\t\t<a class=\"elementor-button elementor-button-link elementor-size-md\" href=\"https:\/\/go4goal.net\/en\/\">\n\t\t\t\t\t\t<span class=\"elementor-button-content-wrapper\">\n\t\t\t\t\t\t\t\t\t<span class=\"elementor-button-text\">BACK<\/span>\n\t\t\t\t\t<\/span>\n\t\t\t\t\t<\/a>\n\t\t\t\t<\/div>\n\t\t\t\t\t\t\t\t<\/div>\n\t\t\t\t<\/div>\n\t\t\t\t\t<\/div>\n\t\t<\/div>\n\t\t\t\t\t<\/div>\n\t\t<\/section>\n\t\t\t\t<\/div>","protected":false},"excerpt":{"rendered":"<p>COMPLAINS At GO4GOAL d.o.o., we are proud to present and market our own GO4GOAL brand, where you can find only the highest quality of products. Nevertheless, it sometimes happens that the ordered product is damaged or has a manufacturing defect. We want to resolve this quickly and in accordance with your expectations. 1. Before you [&hellip;]<\/p>","protected":false},"author":1,"featured_media":0,"parent":0,"menu_order":0,"comment_status":"closed","ping_status":"closed","template":"","meta":{"_acf_changed":false,"inline_featured_image":false,"footnotes":""},"class_list":["post-29754","page","type-page","status-publish","hentry"],"acf":[],"_links":{"self":[{"href":"https:\/\/go4goal.net\/en\/wp-json\/wp\/v2\/pages\/29754","targetHints":{"allow":["GET"]}}],"collection":[{"href":"https:\/\/go4goal.net\/en\/wp-json\/wp\/v2\/pages"}],"about":[{"href":"https:\/\/go4goal.net\/en\/wp-json\/wp\/v2\/types\/page"}],"author":[{"embeddable":true,"href":"https:\/\/go4goal.net\/en\/wp-json\/wp\/v2\/users\/1"}],"replies":[{"embeddable":true,"href":"https:\/\/go4goal.net\/en\/wp-json\/wp\/v2\/comments?post=29754"}],"version-history":[{"count":0,"href":"https:\/\/go4goal.net\/en\/wp-json\/wp\/v2\/pages\/29754\/revisions"}],"wp:attachment":[{"href":"https:\/\/go4goal.net\/en\/wp-json\/wp\/v2\/media?parent=29754"}],"curies":[{"name":"wp","href":"https:\/\/api.w.org\/{rel}","templated":true}]}}